{"id":1179,"date":"2017-03-03T21:39:47","date_gmt":"2017-03-03T20:39:47","guid":{"rendered":"http:\/\/lakossag.kaposvar\/?page_id=1179"},"modified":"2018-01-15T17:20:04","modified_gmt":"2018-01-15T16:20:04","slug":"barangolas-a-varostortenetben","status":"publish","type":"page","link":"https:\/\/otthon.kaposvar.hu\/hu\/barangolas-a-varostortenetben\/","title":{"rendered":"Barangol\u00e1s a v\u00e1rost\u00f6rt\u00e9netben"},"content":{"rendered":"<p><\/p>\n<h2 class=\"kv-page-content-title\">Tisztelettel k\u00f6sz\u00f6nt\u00fcnk minden kedves \u00c9rdekl\u0151d\u0151t!<\/h2>\n<p class=\"kv-page-content-paragraph\">V\u00e1rost\u00f6rt\u00e9neti utaz\u00e1sukat k\u00e9tf\u00e9le m\u00f3don is megkezdhetik. Egyr\u00e9szt v\u00e1laszthatnak a bal oldali men\u00fcben felt\u00fcntetett korszakok k\u00f6z\u00fcl, onnan pedig az ismertet\u0151 sz\u00f6veg valamelyik ugr\u00f3pontj\u00e1n \u00e1t l\u00e9phetnek be a kaposv\u00e1ri hist\u00f3ri\u00e1k vil\u00e1g\u00e1ba. Ezek az ugr\u00f3pontok \u00fagy m\u0171k\u00f6dnek, mint a v\u00e1rost\u00f6rt\u00e9net kisebb fejezeteire ny\u00edl\u00f3 kapuk. Nem minden fejezetet lehet k\u00f6zvetlen\u00fcl, egy ilyen kapun benyitva el\u00e9rni, a felfedez\u0151\u00fat sor\u00e1n azonban biztosan siker\u00fcl majd valamennyi sz\u00f6veget felder\u00edteni\u00fck.<\/p>\n<p class=\"kv-page-content-paragraph\">Ha bel\u00e9ptek egy kapun, akkor az egyes t\u00f6rt\u00e9netek k\u00f6z\u00f6tt szint\u00e9n az ugr\u00f3pontokra, teh\u00e1t az al\u00e1h\u00fazott szavakra vagy sz\u00f6vegr\u00e9szekre kattintva v\u00e1ndorolhatnak tov\u00e1bb. \u00cdgy n\u00e9h\u00e1ny \u2013 vagy valamivel t\u00f6bb \u2013 l\u00e9p\u00e9sben mindenhov\u00e1 eljuthatnak; Kossuth Lajos d\u00edszpolg\u00e1rr\u00e1 v\u00e1laszt\u00e1s\u00e1t\u00f3l ak\u00e1r a szentjakabi ap\u00e1ts\u00e1g megalap\u00edt\u00e1shoz, onnan pedig Blaha Lujza m\u00e1sodik kaposv\u00e1ri l\u00e1togat\u00e1s\u00e1hoz is\u2026<\/p>\n<p class=\"kv-page-content-paragraph\">Amennyiben azonban konkr\u00e9t kifejez\u00e9sek-t\u00e1rgyszavak alapj\u00e1n fedezn\u00e9k fel Kaposv\u00e1r t\u00f6rt\u00e9net\u00e9t, k\u00e9rj\u00fck, haszn\u00e1lj\u00e1k a lenti keres\u0151mez\u0151t! A be\u00edrt \u2013 legal\u00e1bb n\u00e9gy karakter hossz\u00fas\u00e1g\u00fa \u2013 sz\u00f6vegek k\u00f6zvetlen\u00fcl azokhoz a t\u00f6rt\u00e9netekhez vezetik el \u00d6n\u00f6ket, amelyekben a keres\u0151szavak el\u0151fordulnak.<\/p>\n<p class=\"kv-page-content-paragraph\">Felh\u00edvjuk a figyelm\u00fcket, hogy a v\u00e1rost\u00f6rt\u00e9neti anyagot id\u0151r\u0151l id\u0151re kieg\u00e9sz\u00edtj\u00fck, azaz folyamatosan b\u0151v\u00edtj\u00fck \u00fajabb fejezetekkel, \u00fajabb t\u00f6rt\u00e9netekkel!<\/p>\n<p class=\"kv-page-content-paragraph\">Kellemes id\u0151t\u00f6lt\u00e9st k\u00edv\u00e1nunk!<\/p>\n<div class=\"kv-page-margin-1\">\u00a0<\/div>\n<p><form action=\"\/barangolas-a-varostortenetben-kereses\" method=\"get\" class=\"barangolas-search-form\">\n    <input class=\"barangolas-search\" name=\"search\" aria-label=\"Keres\u00e9s a v\u00e1rost\u00f6rt\u00e9netben\" placeholder=\"Keres\u00e9s a v\u00e1rost\u00f6rt\u00e9netben\" id=\"barangolas-search\">\n    <button class=\"barangolas-search-button\" aria-label=\"Keres\u00e9s ind\u00edt\u00e1sa\"><\/button>\n<\/form>\n<br \/>\n<\/p>","protected":false},"excerpt":{"rendered":"<p>Tisztelettel k\u00f6sz\u00f6nt\u00fcnk minden kedves \u00c9rdekl\u0151d\u0151t! V\u00e1rost\u00f6rt\u00e9neti utaz\u00e1sukat k\u00e9tf\u00e9le m\u00f3don is megkezdhetik. Egyr\u00e9szt v\u00e1laszthatnak a bal oldali men\u00fcben felt\u00fcntetett korszakok k\u00f6z\u00fcl, onnan pedig az ismertet\u0151 sz\u00f6veg valamelyik ugr\u00f3pontj\u00e1n \u00e1t l\u00e9phetnek be a kaposv\u00e1ri hist\u00f3ri\u00e1k vil\u00e1g\u00e1ba. Ezek az ugr\u00f3pontok \u00fagy m\u0171k\u00f6dnek, mint a v\u00e1rost\u00f6rt\u00e9net kisebb fejezeteire ny\u00edl\u00f3 kapuk. Nem minden fejezetet lehet k\u00f6zvetlen\u00fcl, egy ilyen kapun benyitva [&hellip;]<\/p>\n","protected":false},"author":1,"featured_media":1386,"parent":0,"menu_order":0,"comment_status":"closed","ping_status":"closed","template":"","meta":[],"acf":[],"yoast_head":"<!-- This site is optimized with the Yoast SEO plugin v19.8 - https:\/\/yoast.com\/wordpress\/plugins\/seo\/ -->\n<title>Barangol\u00e1s a v\u00e1rost\u00f6rt\u00e9netben - Kaposv\u00e1r Megyei Jog\u00fa V\u00e1ros<\/title>\n<meta name=\"robots\" content=\"index, follow, max-snippet:-1, max-image-preview:large, max-video-preview:-1\" \/>\n<link rel=\"canonical\" href=\"https:\/\/otthon.kaposvar.hu\/hu\/barangolas-a-varostortenetben\/\" \/>\n<meta property=\"og:locale\" content=\"hu_HU\" \/>\n<meta property=\"og:type\" content=\"article\" \/>\n<meta property=\"og:title\" content=\"Barangol\u00e1s a v\u00e1rost\u00f6rt\u00e9netben - Kaposv\u00e1r Megyei Jog\u00fa V\u00e1ros\" \/>\n<meta property=\"og:description\" content=\"Tisztelettel k\u00f6sz\u00f6nt\u00fcnk minden kedves \u00c9rdekl\u0151d\u0151t! V\u00e1rost\u00f6rt\u00e9neti utaz\u00e1sukat k\u00e9tf\u00e9le m\u00f3don is megkezdhetik. Egyr\u00e9szt v\u00e1laszthatnak a bal oldali men\u00fcben felt\u00fcntetett korszakok k\u00f6z\u00fcl, onnan pedig az ismertet\u0151 sz\u00f6veg valamelyik ugr\u00f3pontj\u00e1n \u00e1t l\u00e9phetnek be a kaposv\u00e1ri hist\u00f3ri\u00e1k vil\u00e1g\u00e1ba. Ezek az ugr\u00f3pontok \u00fagy m\u0171k\u00f6dnek, mint a v\u00e1rost\u00f6rt\u00e9net kisebb fejezeteire ny\u00edl\u00f3 kapuk. Nem minden fejezetet lehet k\u00f6zvetlen\u00fcl, egy ilyen kapun benyitva [&hellip;]\" \/>\n<meta property=\"og:url\" content=\"https:\/\/otthon.kaposvar.hu\/hu\/barangolas-a-varostortenetben\/\" \/>\n<meta property=\"og:site_name\" content=\"Kaposv\u00e1r Megyei Jog\u00fa V\u00e1ros\" \/>\n<meta property=\"article:publisher\" content=\"https:\/\/www.facebook.com\/cityofkaposvar\/\" \/>\n<meta property=\"article:modified_time\" content=\"2018-01-15T16:20:04+00:00\" \/>\n<meta property=\"og:image\" content=\"https:\/\/otthon.kaposvar.hu\/wp-content\/uploads\/2017\/03\/barangolas_a_varostortenetben.jpg\" \/>\n\t<meta property=\"og:image:width\" content=\"3456\" \/>\n\t<meta property=\"og:image:height\" content=\"2212\" \/>\n\t<meta property=\"og:image:type\" content=\"image\/jpeg\" \/>\n<meta name=\"twitter:card\" content=\"summary_large_image\" \/>\n<meta name=\"twitter:label1\" content=\"Becs\u00fclt olvas\u00e1si id\u0151\" \/>\n\t<meta name=\"twitter:data1\" content=\"1 perc\" \/>\n<script type=\"application\/ld+json\" class=\"yoast-schema-graph\">{\"@context\":\"https:\/\/schema.org\",\"@graph\":[{\"@type\":\"WebPage\",\"@id\":\"https:\/\/otthon.kaposvar.hu\/hu\/barangolas-a-varostortenetben\/\",\"url\":\"https:\/\/otthon.kaposvar.hu\/hu\/barangolas-a-varostortenetben\/\",\"name\":\"Barangol\u00e1s a v\u00e1rost\u00f6rt\u00e9netben - Kaposv\u00e1r Megyei Jog\u00fa V\u00e1ros\",\"isPartOf\":{\"@id\":\"https:\/\/otthon.kaposvar.hu\/hu\/#website\"},\"datePublished\":\"2017-03-03T20:39:47+00:00\",\"dateModified\":\"2018-01-15T16:20:04+00:00\",\"breadcrumb\":{\"@id\":\"https:\/\/otthon.kaposvar.hu\/hu\/barangolas-a-varostortenetben\/#breadcrumb\"},\"inLanguage\":\"hu\",\"potentialAction\":[{\"@type\":\"ReadAction\",\"target\":[[\"https:\/\/otthon.kaposvar.hu\/hu\/barangolas-a-varostortenetben\/\"]]}]},{\"@type\":\"BreadcrumbList\",\"@id\":\"https:\/\/otthon.kaposvar.hu\/hu\/barangolas-a-varostortenetben\/#breadcrumb\",\"itemListElement\":[{\"@type\":\"ListItem\",\"position\":1,\"name\":\"Home\",\"item\":\"https:\/\/otthon.kaposvar.hu\/hu\/\"},{\"@type\":\"ListItem\",\"position\":2,\"name\":\"Barangol\u00e1s a v\u00e1rost\u00f6rt\u00e9netben\"}]},{\"@type\":\"WebSite\",\"@id\":\"https:\/\/otthon.kaposvar.hu\/hu\/#website\",\"url\":\"https:\/\/otthon.kaposvar.hu\/hu\/\",\"name\":\"Kaposv\u00e1r Megyei Jog\u00fa V\u00e1ros\",\"description\":\"\",\"publisher\":{\"@id\":\"https:\/\/otthon.kaposvar.hu\/hu\/#organization\"},\"potentialAction\":[{\"@type\":\"SearchAction\",\"target\":{\"@type\":\"EntryPoint\",\"urlTemplate\":\"https:\/\/otthon.kaposvar.hu\/hu\/?s={search_term_string}\"},\"query-input\":\"required name=search_term_string\"}],\"inLanguage\":\"hu\"},{\"@type\":\"Organization\",\"@id\":\"https:\/\/otthon.kaposvar.hu\/hu\/#organization\",\"name\":\"Kaposv\u00e1r Megyei Jog\u00fa V\u00e1ros\",\"url\":\"https:\/\/otthon.kaposvar.hu\/hu\/\",\"sameAs\":[\"https:\/\/www.instagram.com\/cityofkaposvar\/\",\"https:\/\/www.facebook.com\/cityofkaposvar\/\"],\"logo\":{\"@type\":\"ImageObject\",\"inLanguage\":\"hu\",\"@id\":\"https:\/\/otthon.kaposvar.hu\/hu\/#\/schema\/logo\/image\/\",\"url\":\"https:\/\/otthon.kaposvar.hu\/wp-content\/uploads\/2021\/10\/kaposvar_social.jpg\",\"contentUrl\":\"https:\/\/otthon.kaposvar.hu\/wp-content\/uploads\/2021\/10\/kaposvar_social.jpg\",\"width\":1200,\"height\":900,\"caption\":\"Kaposv\u00e1r Megyei Jog\u00fa V\u00e1ros\"},\"image\":{\"@id\":\"https:\/\/otthon.kaposvar.hu\/hu\/#\/schema\/logo\/image\/\"}}]}<\/script>\n<!-- \/ Yoast SEO plugin. -->","yoast_head_json":{"title":"Barangol\u00e1s a v\u00e1rost\u00f6rt\u00e9netben - Kaposv\u00e1r Megyei Jog\u00fa V\u00e1ros","robots":{"index":"index","follow":"follow","max-snippet":"max-snippet:-1","max-image-preview":"max-image-preview:large","max-video-preview":"max-video-preview:-1"},"canonical":"https:\/\/otthon.kaposvar.hu\/hu\/barangolas-a-varostortenetben\/","og_locale":"hu_HU","og_type":"article","og_title":"Barangol\u00e1s a v\u00e1rost\u00f6rt\u00e9netben - Kaposv\u00e1r Megyei Jog\u00fa V\u00e1ros","og_description":"Tisztelettel k\u00f6sz\u00f6nt\u00fcnk minden kedves \u00c9rdekl\u0151d\u0151t! V\u00e1rost\u00f6rt\u00e9neti utaz\u00e1sukat k\u00e9tf\u00e9le m\u00f3don is megkezdhetik. Egyr\u00e9szt v\u00e1laszthatnak a bal oldali men\u00fcben felt\u00fcntetett korszakok k\u00f6z\u00fcl, onnan pedig az ismertet\u0151 sz\u00f6veg valamelyik ugr\u00f3pontj\u00e1n \u00e1t l\u00e9phetnek be a kaposv\u00e1ri hist\u00f3ri\u00e1k vil\u00e1g\u00e1ba. Ezek az ugr\u00f3pontok \u00fagy m\u0171k\u00f6dnek, mint a v\u00e1rost\u00f6rt\u00e9net kisebb fejezeteire ny\u00edl\u00f3 kapuk. Nem minden fejezetet lehet k\u00f6zvetlen\u00fcl, egy ilyen kapun benyitva [&hellip;]","og_url":"https:\/\/otthon.kaposvar.hu\/hu\/barangolas-a-varostortenetben\/","og_site_name":"Kaposv\u00e1r Megyei Jog\u00fa V\u00e1ros","article_publisher":"https:\/\/www.facebook.com\/cityofkaposvar\/","article_modified_time":"2018-01-15T16:20:04+00:00","og_image":[{"width":3456,"height":2212,"url":"https:\/\/otthon.kaposvar.hu\/wp-content\/uploads\/2017\/03\/barangolas_a_varostortenetben.jpg","type":"image\/jpeg"}],"twitter_card":"summary_large_image","twitter_misc":{"Becs\u00fclt olvas\u00e1si id\u0151":"1 perc"},"schema":{"@context":"https:\/\/schema.org","@graph":[{"@type":"WebPage","@id":"https:\/\/otthon.kaposvar.hu\/hu\/barangolas-a-varostortenetben\/","url":"https:\/\/otthon.kaposvar.hu\/hu\/barangolas-a-varostortenetben\/","name":"Barangol\u00e1s a v\u00e1rost\u00f6rt\u00e9netben - Kaposv\u00e1r Megyei Jog\u00fa V\u00e1ros","isPartOf":{"@id":"https:\/\/otthon.kaposvar.hu\/hu\/#website"},"datePublished":"2017-03-03T20:39:47+00:00","dateModified":"2018-01-15T16:20:04+00:00","breadcrumb":{"@id":"https:\/\/otthon.kaposvar.hu\/hu\/barangolas-a-varostortenetben\/#breadcrumb"},"inLanguage":"hu","potentialAction":[{"@type":"ReadAction","target":[["https:\/\/otthon.kaposvar.hu\/hu\/barangolas-a-varostortenetben\/"]]}]},{"@type":"BreadcrumbList","@id":"https:\/\/otthon.kaposvar.hu\/hu\/barangolas-a-varostortenetben\/#breadcrumb","itemListElement":[{"@type":"ListItem","position":1,"name":"Home","item":"https:\/\/otthon.kaposvar.hu\/hu\/"},{"@type":"ListItem","position":2,"name":"Barangol\u00e1s a v\u00e1rost\u00f6rt\u00e9netben"}]},{"@type":"WebSite","@id":"https:\/\/otthon.kaposvar.hu\/hu\/#website","url":"https:\/\/otthon.kaposvar.hu\/hu\/","name":"Kaposv\u00e1r Megyei Jog\u00fa V\u00e1ros","description":"","publisher":{"@id":"https:\/\/otthon.kaposvar.hu\/hu\/#organization"},"potentialAction":[{"@type":"SearchAction","target":{"@type":"EntryPoint","urlTemplate":"https:\/\/otthon.kaposvar.hu\/hu\/?s={search_term_string}"},"query-input":"required name=search_term_string"}],"inLanguage":"hu"},{"@type":"Organization","@id":"https:\/\/otthon.kaposvar.hu\/hu\/#organization","name":"Kaposv\u00e1r Megyei Jog\u00fa V\u00e1ros","url":"https:\/\/otthon.kaposvar.hu\/hu\/","sameAs":["https:\/\/www.instagram.com\/cityofkaposvar\/","https:\/\/www.facebook.com\/cityofkaposvar\/"],"logo":{"@type":"ImageObject","inLanguage":"hu","@id":"https:\/\/otthon.kaposvar.hu\/hu\/#\/schema\/logo\/image\/","url":"https:\/\/otthon.kaposvar.hu\/wp-content\/uploads\/2021\/10\/kaposvar_social.jpg","contentUrl":"https:\/\/otthon.kaposvar.hu\/wp-content\/uploads\/2021\/10\/kaposvar_social.jpg","width":1200,"height":900,"caption":"Kaposv\u00e1r Megyei Jog\u00fa V\u00e1ros"},"image":{"@id":"https:\/\/otthon.kaposvar.hu\/hu\/#\/schema\/logo\/image\/"}}]}},"_links":{"self":[{"href":"https:\/\/otthon.kaposvar.hu\/hu\/wp-json\/wp\/v2\/pages\/1179"}],"collection":[{"href":"https:\/\/otthon.kaposvar.hu\/hu\/wp-json\/wp\/v2\/pages"}],"about":[{"href":"https:\/\/otthon.kaposvar.hu\/hu\/wp-json\/wp\/v2\/types\/page"}],"author":[{"embeddable":true,"href":"https:\/\/otthon.kaposvar.hu\/hu\/wp-json\/wp\/v2\/users\/1"}],"replies":[{"embeddable":true,"href":"https:\/\/otthon.kaposvar.hu\/hu\/wp-json\/wp\/v2\/comments?post=1179"}],"version-history":[{"count":0,"href":"https:\/\/otthon.kaposvar.hu\/hu\/wp-json\/wp\/v2\/pages\/1179\/revisions"}],"wp:featuredmedia":[{"embeddable":true,"href":"https:\/\/otthon.kaposvar.hu\/hu\/wp-json\/wp\/v2\/media\/1386"}],"wp:attachment":[{"href":"https:\/\/otthon.kaposvar.hu\/hu\/wp-json\/wp\/v2\/media?parent=1179"}],"curies":[{"name":"wp","href":"https:\/\/api.w.org\/{rel}","templated":true}]}}