{"id":1165,"date":"2017-03-03T21:08:54","date_gmt":"2017-03-03T20:08:54","guid":{"rendered":"http:\/\/lakossag.kaposvar\/?page_id=1165"},"modified":"2026-01-20T05:12:33","modified_gmt":"2026-01-20T04:12:33","slug":"1-ot-gyujto-civil-szervezetek","status":"publish","type":"page","link":"https:\/\/otthon.kaposvar.hu\/hu\/lakossagi-informaciok\/kozossegek\/civil-szervezetek\/1-ot-gyujto-civil-szervezetek\/","title":{"rendered":"1%-ot gy\u0171jt\u0151 civil szervezetek"},"content":{"rendered":"<p><\/p>\n<h2 class=\"kv-page-content-title\">K\u00d6T\u00c9L Kaposv\u00e1ri \u00d6nk\u00e9ntes T\u0171zolt\u00f3 \u00e9s \u00c9letment\u0151 Egyes\u00fclet<\/h2>\n<p>K\u00e9rj\u00fck, hogy ad\u00f3ja 1%-\u00e1nak felaj\u00e1nl\u00e1s\u00e1val t\u00e1mogassa Egyes\u00fclet\u00fcnk m\u0171k\u00f6d\u00e9s\u00e9t, hogy Mi is seg\u00edthess\u00fcnk a &#8220;K\u00d6T\u00c9L&#8221; &#8211; be kapaszkod\u00f3 bajbajutott embert\u00e1rsainkon! &#8220;K\u00d6T\u00c9L&#8221; Kaposv\u00e1ri \u00d6nk\u00e9ntes T\u0171zolt\u00f3 \u00e9s \u00c9letment\u0151 Egyes\u00fclet. T\u00e1mogat\u00e1s\u00e1t el\u0151re is k\u00f6sz\u00f6nj\u00fck!<\/p>\n<h4 class=\"kv-page-content-paragraphtitle\">Ad\u00f3sz\u00e1munk: 18768398-1-14<\/h4>\n<p>&nbsp;<\/p>\n<h2 class=\"kv-page-content-title\">&#8220;Borosty\u00e1nvir\u00e1g&#8221; Alap\u00edtv\u00e1ny a csal\u00e1d n\u00e9lk\u00fcl megsz\u00fcletett gyermekek \u00e9s fiatal any\u00e1k megseg\u00edt\u00e9s\u00e9re<\/h2>\n<p>A Borosty\u00e1nvir\u00e1g Alap\u00edtv\u00e1ny 1997. \u00e1prilis\u00e1ban alakult azzal a c\u00e9llal, hogy seg\u00edtse a t\u00e1mogat\u00f3 csal\u00e1ddal nem rendelkez\u0151, kisgyermekes, fiatal any\u00e1kat. Az alap\u00edtv\u00e1ny egy int\u00e9zm\u00e9nyt tart fent, a Borosty\u00e1nvir\u00e1g Anyaotthont, amely 1998. m\u00e1rcius 1-j\u00e9n nyitotta meg kapuit.<br \/>\nA Borosty\u00e1nvir\u00e1g Anyaotthon csal\u00e1dok \u00e1tmeneti otthonak\u00e9nt m\u0171k\u00f6dik, de csak r\u00e1szorul\u00f3 gyermekeket \u00e9s any\u00e1kat fogad be. 11 lak\u00f3szob\u00e1ban \u00f6sszesen 34 f\u0151t tudunk egyidej\u0171leg elhelyezni.<br \/>\nAz Alap\u00edtv\u00e1ny az elm\u00falt 11 \u00e9v alatt t\u00f6bb mint 1000 r\u00e1szorul\u00f3 any\u00e1nak \u00e9s gyermeknek ny\u00fajtott seg\u00edts\u00e9get.<br \/>\nTev\u00e9kenys\u00e9g\u00fcnk b\u0151vebben, honlapunkon a www.anyaotthon.eoldal.hu c\u00edmen megtekinthet\u0151.<br \/>\nK\u00e9rj\u00fck, ha tev\u00e9kenys\u00e9g\u00fcnket t\u00e1mogat\u00e1sra \u00e9rdemesnek tal\u00e1lja, akkor ad\u00f3j\u00e1nak 1%-\u00e1t aj\u00e1nlja fel nek\u00fcnk. K\u00f6sz\u00f6nj\u00fck!<\/p>\n<h4 class=\"kv-page-content-paragraphtitle\">Ad\u00f3sz\u00e1munk: 18766633-1-14<\/h4>\n<p>&nbsp;<\/p>\n<h2 class=\"kv-page-content-title\">Vakok \u00e9s Gyeng\u00e9nl\u00e1t\u00f3k Somogy Megyei Egyes\u00fclet<\/h2>\n<p>Egyes\u00fclet\u00fcnk a l\u00e1t\u00e1ss\u00e9r\u00fcltek Somogy megyei \u00e9rdekv\u00e9delmi szervezete, 742 f\u0151 tagot fogunk \u00f6ssze. C\u00e9lunk, e h\u00e1tr\u00e1nyos helyzet\u0171 csoport es\u00e9lyegyenl\u0151s\u00e9g\u00e9t el\u0151seg\u00edteni. Kiemelt c\u00e9lunk, hogy min\u00e9l t\u00f6bb l\u00e1t\u00e1ss\u00e9r\u00fcltet ir\u00e1ny\u00edtsunk elemi \u00e9s foglalkoztat\u00e1si rehabilit\u00e1ci\u00f3s lehet\u0151s\u00e9ghez, juttassunk \u00e9letvitel\u00fcket k\u00f6nny\u00edt\u0151 seg\u00e9deszk\u00f6z\u00f6kh\u00f6z. Rendszeresen szervez\u00fcnk sz\u00e1mukra eg\u00e9szs\u00e9g\u00fcgyi rehabilit\u00e1ci\u00f3t c\u00e9lz\u00f3 programokat, kultur\u00e1lis \u00e9s k\u00f6z\u00f6ss\u00e9gi rendezv\u00e9nyeket. Oktat\u00f3 szervezetekkel egy\u00fcttm\u0171k\u00f6dve lehet\u0151s\u00e9g szerint l\u00e1t\u00e1ss\u00e9r\u00fcltjeinknek speci\u00e1lis tanfolyamokat ind\u00edtunk. Irod\u00e1nk szoci\u00e1lis inform\u00e1ci\u00f3s szolg\u00e1ltat\u00e1s ny\u00fajt minden l\u00e1t\u00e1s\u00e1ban akad\u00e1lyozott somogyi \u00e1llampolg\u00e1rnak.<br \/>\nK\u00e9rj\u00fck, hogy SZja 1% egyes\u00fclet\u00fcnk r\u00e9sz\u00e9re t\u00f6rt\u00e9n\u0151 felaj\u00e1nl\u00e1s\u00e1val seg\u00edtse l\u00e1t\u00e1ss\u00e9r\u00fcltjeink seg\u00e9deszk\u00f6z\u00f6kh\u00f6z jut\u00e1s\u00e1t tov\u00e1bb\u00e1 eg\u00e9szs\u00e9g\u00fcgyi rehabilit\u00e1ci\u00f3t c\u00e9lz\u00f3 programok lebonyol\u00edt\u00e1s\u00e1t.<\/p>\n<h4 class=\"kv-page-content-paragraphtitle\">Ad\u00f3sz\u00e1m: 18779659-1-14<\/h4>\n<p>&nbsp;<\/p>\n<h2 class=\"kv-page-content-title\">R\u00e1kbetegek Orsz\u00e1gos Szervezet\u00e9nek Kaposv\u00e1ri Tagszervezete VIKT\u00d3RIA KLUB<\/h2>\n<p>A R\u00e1kbetegek Orsz\u00e1gos Szervezet\u00e9nek Kaposv\u00e1ri tagszervezete vagyunk: &#8220;VIKT\u00d3RIA&#8221; klub n\u00e9ven m\u0171k\u00f6d\u00fcnk. Feladatunk a daganatos- f\u0151leg mellm\u0171t\u00f6tt betegek seg\u00edt\u00e9se. Olyan t\u00e1mogat\u00f3 programok tart\u00e1sa, melyre nagy sz\u00fcks\u00e9ge van a betegeknek. Fontos a gy\u00f3gyul\u00e1s mellett a lelki seg\u00edts\u00e9g is, fontos az egy\u00fctt t\u00f6lt\u00f6tt id\u0151, melyben egym\u00e1st er\u0151s\u00edtve igyeksz\u00fcnk meggy\u00f3gyulni.<\/p>\n<h4 class=\"kv-page-content-paragraphtitle\">Ad\u00f3sz\u00e1m: 19020855-1-43<\/h4>\n<p>&nbsp;<\/p>\n<h2 class=\"kv-page-content-title\">Somogy T\u00e1ncegy\u00fcttes Alap\u00edtv\u00e1ny<\/h2>\n<p>A Somogy T\u00e1ncegy\u00fcttes Alap\u00edtv\u00e1ny k\u00f6zhaszn\u00fa szervezet. 1991-ben j\u00f6tt l\u00e9tre azzal a c\u00e9llal, hogy biztos\u00edtsa a Somogy T\u00e1ncegy\u00fcttes kimagasl\u00f3 m\u0171v\u00e9szeti munk\u00e1j\u00e1hoz sz\u00fcks\u00e9ges anyagi \u00e9s technikai felt\u00e9telrendszert. T\u00e1mogassa \u00e9s tartsa fenn a n\u00e9pt\u00e1nchagyom\u00e1nyok \u0151rz\u00e9s\u00e9t, a n\u00e9pt\u00e1ncoktat\u00e1s folyamatoss\u00e1g\u00e1t, valamint az ut\u00e1np\u00f3tl\u00e1s nevel\u00e9s\u00e9t. K\u00e9rj\u00fck, hogy ad\u00f3ja 1%-nak felaj\u00e1nl\u00e1s\u00e1val seg\u00edtse m\u0171v\u00e9szeti tev\u00e9kenys\u00e9g\u00fcnket! T\u00e1mogat\u00e1s\u00e1t k\u00f6sz\u00f6nj\u00fck!<\/p>\n<h4 class=\"kv-page-content-paragraphtitle\">Ad\u00f3sz\u00e1ma: 19193494-1-14<\/h4>\n<p>&nbsp;<\/p>\n<h2 class=\"kv-page-content-title\">Napker\u00e9k Egyes\u00fclet<\/h2>\n<p>Az Egyes\u00fclet tev\u00e9kenys\u00e9g\u00e9t a h\u00e1tr\u00e1nyos helyzet\u0171 t\u00e1rsadalmi csoportok es\u00e9lyegyenl\u0151s\u00e9g\u00e9nek el\u0151seg\u00edt\u00e9se \u00e9s ezen kereszt\u00fcl az alapvet\u0151 emberi jogok \u00e9rv\u00e9nyes\u00fcl\u00e9se \u00e9rdek\u00e9ben fejti ki. R\u00e9sz\u00fckre sz\u00e9lesk\u00f6r\u0171 eg\u00e9szs\u00e9g\u00fcgyi, szoci\u00e1lis, k\u00f6znevel\u00e9si, kultur\u00e1lis, szabadid\u0151s, sport \u00e9s egy\u00e9b k\u00f6z\u00f6ss\u00e9gi szolg\u00e1ltat\u00e1sokat ny\u00fajt. Tev\u00e9kenys\u00e9g\u00e9nek f\u00f3kusz\u00e1ban a h\u00e1tr\u00e1nyos helyzet\u0171 egy\u00e9nek, csoportok t\u00e1rsadalmi beilleszked\u00e9s\u00e9nek el\u0151seg\u00edt\u00e9se \u00e1ll. Az Egyes\u00fclet f\u0151bb tev\u00e9kenys\u00e9gi ter\u00fcletei: oktat\u00e1s, nevel\u00e9s, feln\u0151ttoktat\u00e1s, eg\u00e9szs\u00e9gmeg\u0151rz\u00e9s, eg\u00e9szs\u00e9ges \u00e9letm\u00f3d fejleszt\u00e9se, szoci\u00e1lis tev\u00e9kenys\u00e9g, kultur\u00e1lis programok szervez\u00e9se, a magyarorsz\u00e1gi nemzetis\u00e9gekkel, valamint a hat\u00e1ron t\u00fali magyars\u00e1ggal kapcsolatos tev\u00e9kenys\u00e9g, munkaer\u0151piacon h\u00e1tr\u00e1nyos helyzet\u0171 r\u00e9tegek k\u00e9pz\u00e9s\u00e9nek, foglalkoztat\u00e1s\u00e1nak el\u0151seg\u00edt\u00e9se, az \u00e9p\u00edtett \u00e9s term\u00e9szeti k\u00f6rnyezet v\u00e9delme, az euroatlanti integr\u00e1ci\u00f3 el\u0151seg\u00edt\u00e9se, b\u0171nmegel\u0151z\u00e9s \u00e9s \u00e1ldozatv\u00e9delem. A cig\u00e1nys\u00e1g \u00e9rt\u00e9keinek, hagyom\u00e1nyainak \u00e1pol\u00e1sa \u00e9rdek\u00e9ben szervezi a cig\u00e1ny kisebbs\u00e9g t\u00e1rsadalmi, kultur\u00e1lis \u00e9rt\u00e9keinek \u00e1pol\u00e1s\u00e1t, \u00e1t\u00f6r\u00f6k\u00edt\u00e9s\u00e9t c\u00e9lz\u00f3 rendezv\u00e9nyeket. Az egyes\u00fclet els\u0151sorban a h\u00e1tr\u00e1nyos helyzet\u0171 c\u00e9lcsoportok tagjai foglalkoztatotts\u00e1g\u00e1nak biztos\u00edt\u00e1sa \u00e9rdek\u00e9ben egy\u00fcttm\u0171k\u00f6dik gazd\u00e1lkod\u00f3 szervezetekkel. K\u00f6zrem\u0171k\u00f6dik id\u00e9nyjelleg\u0171 munk\u00e1k szervez\u00e9s\u00e9ben lehets\u00e9ges foglalkoztat\u00f3kkal, k\u00fcl\u00f6n\u00f6sen mez\u0151gazdas\u00e1gi turisztikai \u00e9s vend\u00e9gl\u00e1t\u00f3ipari ter\u00fcleteken. Seg\u00edti a feln\u0151tt \u00e9s nem feln\u0151tt kor\u00fa munkav\u00e1llal\u00e1s felt\u00e9teleinek megfelel\u0151 di\u00e1kok munkav\u00e1llal\u00e1s\u00e1t, sz\u00fcnidei elhelyezked\u00e9s\u00e9t. Nem haszonszerz\u00e9si jelleggel k\u00f6zrem\u0171k\u00f6dik foglalkoztat\u00e1sukban. Mindezek megval\u00f3s\u00edt\u00e1sa \u00e9rdek\u00e9ben szakmai rendezv\u00e9nyeket, konferenci\u00e1kat, tapasztalatcser\u00e9ket, tal\u00e1lkoz\u00f3kat, k\u00e9pz\u00e9seket, tov\u00e1bbk\u00e9pz\u00e9seket, feln\u0151ttk\u00e9pz\u00e9st szervez, inform\u00e1ci\u00f3kat gy\u0171jt, kiadv\u00e1nyokat jelentet meg, tudom\u00e1nyos tev\u00e9kenys\u00e9get, kutat\u00e1st v\u00e9gez.<\/p>\n<h4 class=\"kv-page-content-paragraphtitle\">Ad\u00f3sz\u00e1m: 18777970-1-14<\/h4>\n<p>&nbsp;<\/p>\n<h2 class=\"kv-page-content-title\">Kutyat\u00e1r Term\u00e9szet- \u00e9s \u00c1llatv\u00e9d\u0151 Egyes\u00fclet<\/h2>\n<p>\u00c1ltal\u00e1nos c\u00e9lok: \u00e1llatv\u00e9delem, term\u00e9szetv\u00e9delem, k\u00f6rnyezetv\u00e9delem, az eg\u00e9sz \u00e9l\u0151vil\u00e1g ir\u00e1nt felel\u0151ss\u00e9get \u00e9rz\u0151 emberek \u00f6sszefog\u00e1sa, az \u00e1llatok kizs\u00e1km\u00e1nyol\u00e1s\u00e1nak megsz\u00fcntet\u00e9se, v\u00e9delm\u00fck el\u0151mozd\u00edt\u00e1sa. Konkr\u00e9t c\u00e9lok: a r\u00e9gi\u00f3 \u00e1llattart\u00e1s\u00e1b\u00f3l ad\u00f3d\u00f3 gondok enyh\u00edt\u00e9se, megold\u00e1sa, gazd\u00e1tlan \u00e9s s\u00e9r\u00fclt \u00e1llatok elhelyez\u00e9se \u00e9s \u00f6r\u00f6kbe ad\u00e1sa (pl.: k\u00f3bor kuty\u00e1k befogad\u00e1sa), kultur\u00e1lt, \u00e1llatbar\u00e1t \u00e1llattart\u00e1s elterjeszt\u00e9se, ismeretterjeszt\u00e9s, a term\u00e9szettudom\u00e1nyos oktat\u00e1s gyakorlatiasabb\u00e1 t\u00e9tele, korszer\u0171 term\u00e9szetv\u00e9delmi szeml\u00e9let elterjeszt\u00e9se, magyar \u00e1llatfajt\u00e1k bemutat\u00e1sa, az \u00e1llatv\u00e9delmi t\u00f6rv\u00e9ny betartat\u00e1sa.<\/p>\n<h4 class=\"kv-page-content-paragraphtitle\">Ad\u00f3sz\u00e1m: 18285628-1-14<\/h4>\n<p>&nbsp;<\/p>\n<h2 class=\"kv-page-content-title\">Kaposv\u00e1ri Rox\u00ednh\u00e1z Egyes\u00fclet<\/h2>\n<p>Az Egyes\u00fclet alapvet\u0151 c\u00e9lja, olyan szellemi m\u0171hely m\u0171k\u00f6dtet\u00e9se, amely t\u00e1mogatja \u00e9s seg\u00edti a sz\u00ednvonalas, k\u00fcl\u00f6nleges, ig\u00e9nyes kultur\u00e1lis, sz\u00ednh\u00e1zi, zenei \u00e9rt\u00e9kek l\u00e9trehoz\u00e1s\u00e1t, sz\u00ednpadra \u00e1ll\u00edt\u00e1s\u00e1t. Az Egyes\u00fclet t\u00e1mogatja \u00e9s szervezi a gyermekek \u00e9s a fiatalok iskol\u00e1n k\u00edv\u00fcli nevel\u00e9s\u00e9t a t\u00e1nc &#8211; \u00e9nek &#8211; \u00e9s sz\u00ednpad ter\u00e9n. K\u00f6z\u00f6ss\u00e9gi sz\u00ednteret biztos\u00edt olyan gyermekek \u00e9s fiatalok sz\u00e1m\u00e1ra, akik elk\u00f6telezetts\u00e9get \u00e9reznek a zene, t\u00e1nc sz\u00ednh\u00e1z vil\u00e1ga ir\u00e1nt. Kultur\u00e1lis tev\u00e9kenys\u00e9get folytat annak \u00e9rdek\u00e9ben, hogy min\u00e9l sz\u00e9lesebb r\u00e9teghez jusson el az a magas sz\u00ednvonal\u00fa zen\u00e9s sz\u00ednh\u00e1zi \u00e9rt\u00e9k, melyet az Egyes\u00fclet k\u00e9pvisel. Az egyes\u00fclet c\u00e9lja tov\u00e1bb\u00e1 a fiatalok eg\u00e9szs\u00e9gtudatos \u00e9s k\u00f6rnyezettudatos \u00e9letre val\u00f3 nevel\u00e9se.<\/p>\n<h4 class=\"kv-page-content-paragraphtitle\">Ad\u00f3sz\u00e1m: 18143049-2-14<\/h4>\n<p>&nbsp;<\/p>\n<h2 class=\"kv-page-content-title\">LOCO 4&#215;4 Egyes\u00fclet<\/h2>\n<p>K\u00e9rj\u00fck t\u00e1mogassa ad\u00f3ja egy sz\u00e1zal\u00e9k\u00e1val a LOCO 4X4 Egyes\u00fcletet! Adom\u00e1ny\u00e1val a terepsportokat, szabadid\u0151s sportrendezv\u00e9nyeinket \u00e9s az ut\u00e1np\u00f3tl\u00e1s nevel\u00e9st t\u00e1mogatja. Tov\u00e1bbi adom\u00e1ny\u00e1t a sz\u00e1mlasz\u00e1munkon fogadjuk: 10700172-68904014-51100005<br \/>\nSeg\u00edts\u00e9g\u00e9t k\u00f6sz\u00f6nj\u00fck! Loco 4&#215;4 Egyes\u00fclet<\/p>\n<h4 class=\"kv-page-content-paragraphtitle\">Ad\u00f3sz\u00e1munk: 18770980-1-14<\/h4>\n<p>&nbsp;<\/p>\n<h2 class=\"kv-page-content-title\">Z\u00f6ldpont \u00c9letm\u00f3dklub<\/h2>\n<p>A Kaposv\u00e1ri Z\u00f6ldpont \u00c9letm\u00f3dklub feladat\u00e1ul v\u00e1lasztotta a feln\u0151tt lakoss\u00e1g szabadid\u0151-sportol\u00e1si lehet\u0151s\u00e9geinek megteremt\u00e9s\u00e9t, fejleszt\u00e9s\u00e9t, foglalkoz\u00e1sok, programok szervez\u00e9s\u00e9t \u00e9s vezet\u00e9s\u00e9t; a gyermek- \u00e9s ifj\u00fakor\u00faak eg\u00e9szs\u00e9ges \u00e9letm\u00f3dra nevel\u00e9s\u00e9t, sz\u00e1mukra rendszeres, \u00e9lm\u00e9nyszer\u0171 mozg\u00e1sprogramok biztos\u00edt\u00e1s\u00e1t. Az egyes\u00fclet kiemelked\u0151 fontoss\u00e1ggal kezeli a somogyi turistautak fenntart\u00e1s\u00e1t, valamint \u00faj turistautak l\u00e9tes\u00edt\u00e9s\u00e9t.<br \/>\nA felaj\u00e1nlott szem\u00e9lyi j\u00f6vedelemad\u00f3 1%-\u00e1t az egyes\u00fclet turistautak fel\u00faj\u00edt\u00e1s\u00e1ra ford\u00edtotta \u00e9s a j\u00f6v\u0151beni felaj\u00e1nl\u00e1sokat is hasonl\u00f3 c\u00e9lokra k\u00edv\u00e1nja felhaszn\u00e1lni.<br \/>\nEz\u00e9rt k\u00e9rj\u00fck t\u00e1mogassa \u00d6n is egyes\u00fclet\u00fcnket ad\u00f3ja 1%-\u00e1val!<br \/>\nZ\u00f6ldpont \u00c9letm\u00f3dklub<\/p>\n<p>Ad\u00f3sz\u00e1m: 18764466-1-14<\/p>\n<p><\/p>","protected":false},"excerpt":{"rendered":"<p>K\u00d6T\u00c9L Kaposv\u00e1ri \u00d6nk\u00e9ntes T\u0171zolt\u00f3 \u00e9s \u00c9letment\u0151 Egyes\u00fclet K\u00e9rj\u00fck, hogy ad\u00f3ja 1%-\u00e1nak felaj\u00e1nl\u00e1s\u00e1val t\u00e1mogassa Egyes\u00fclet\u00fcnk m\u0171k\u00f6d\u00e9s\u00e9t, hogy Mi is seg\u00edthess\u00fcnk a &#8220;K\u00d6T\u00c9L&#8221; &#8211; be kapaszkod\u00f3 bajbajutott embert\u00e1rsainkon! &#8220;K\u00d6T\u00c9L&#8221; Kaposv\u00e1ri \u00d6nk\u00e9ntes T\u0171zolt\u00f3 \u00e9s \u00c9letment\u0151 Egyes\u00fclet. T\u00e1mogat\u00e1s\u00e1t el\u0151re is k\u00f6sz\u00f6nj\u00fck! Ad\u00f3sz\u00e1munk: 18768398-1-14 &nbsp; &#8220;Borosty\u00e1nvir\u00e1g&#8221; Alap\u00edtv\u00e1ny a csal\u00e1d n\u00e9lk\u00fcl megsz\u00fcletett gyermekek \u00e9s fiatal any\u00e1k megseg\u00edt\u00e9s\u00e9re A Borosty\u00e1nvir\u00e1g Alap\u00edtv\u00e1ny 1997. [&hellip;]<\/p>\n","protected":false},"author":1,"featured_media":0,"parent":267,"menu_order":0,"comment_status":"closed","ping_status":"closed","template":"","meta":[],"acf":[],"yoast_head":"<!-- This site is optimized with the Yoast SEO plugin v19.8 - https:\/\/yoast.com\/wordpress\/plugins\/seo\/ -->\n<title>1%-ot gy\u0171jt\u0151 civil szervezetek - Kaposv\u00e1r Megyei Jog\u00fa V\u00e1ros<\/title>\n<meta name=\"robots\" content=\"index, follow, max-snippet:-1, max-image-preview:large, max-video-preview:-1\" \/>\n<link rel=\"canonical\" href=\"https:\/\/otthon.kaposvar.hu\/hu\/lakossagi-informaciok\/kozossegek\/civil-szervezetek\/1-ot-gyujto-civil-szervezetek\/\" \/>\n<meta property=\"og:locale\" content=\"hu_HU\" \/>\n<meta property=\"og:type\" content=\"article\" \/>\n<meta property=\"og:title\" content=\"1%-ot gy\u0171jt\u0151 civil szervezetek - Kaposv\u00e1r Megyei Jog\u00fa V\u00e1ros\" \/>\n<meta property=\"og:description\" content=\"K\u00d6T\u00c9L Kaposv\u00e1ri \u00d6nk\u00e9ntes T\u0171zolt\u00f3 \u00e9s \u00c9letment\u0151 Egyes\u00fclet K\u00e9rj\u00fck, hogy ad\u00f3ja 1%-\u00e1nak felaj\u00e1nl\u00e1s\u00e1val t\u00e1mogassa Egyes\u00fclet\u00fcnk m\u0171k\u00f6d\u00e9s\u00e9t, hogy Mi is seg\u00edthess\u00fcnk a &#8220;K\u00d6T\u00c9L&#8221; &#8211; be kapaszkod\u00f3 bajbajutott embert\u00e1rsainkon! &#8220;K\u00d6T\u00c9L&#8221; Kaposv\u00e1ri \u00d6nk\u00e9ntes T\u0171zolt\u00f3 \u00e9s \u00c9letment\u0151 Egyes\u00fclet. T\u00e1mogat\u00e1s\u00e1t el\u0151re is k\u00f6sz\u00f6nj\u00fck! Ad\u00f3sz\u00e1munk: 18768398-1-14 &nbsp; &#8220;Borosty\u00e1nvir\u00e1g&#8221; Alap\u00edtv\u00e1ny a csal\u00e1d n\u00e9lk\u00fcl megsz\u00fcletett gyermekek \u00e9s fiatal any\u00e1k megseg\u00edt\u00e9s\u00e9re A Borosty\u00e1nvir\u00e1g Alap\u00edtv\u00e1ny 1997. [&hellip;]\" \/>\n<meta property=\"og:url\" content=\"https:\/\/otthon.kaposvar.hu\/hu\/lakossagi-informaciok\/kozossegek\/civil-szervezetek\/1-ot-gyujto-civil-szervezetek\/\" \/>\n<meta property=\"og:site_name\" content=\"Kaposv\u00e1r Megyei Jog\u00fa V\u00e1ros\" \/>\n<meta property=\"article:publisher\" content=\"https:\/\/www.facebook.com\/cityofkaposvar\/\" \/>\n<meta property=\"article:modified_time\" content=\"2026-01-20T04:12:33+00:00\" \/>\n<meta property=\"og:image\" content=\"https:\/\/otthon.kaposvar.hu\/wp-content\/uploads\/2021\/10\/kaposvar_social.jpg\" \/>\n\t<meta property=\"og:image:width\" content=\"1200\" \/>\n\t<meta property=\"og:image:height\" content=\"900\" \/>\n\t<meta property=\"og:image:type\" content=\"image\/jpeg\" \/>\n<meta name=\"twitter:card\" content=\"summary_large_image\" \/>\n<meta name=\"twitter:label1\" content=\"Becs\u00fclt olvas\u00e1si id\u0151\" \/>\n\t<meta name=\"twitter:data1\" content=\"8 perc\" \/>\n<script type=\"application\/ld+json\" class=\"yoast-schema-graph\">{\"@context\":\"https:\/\/schema.org\",\"@graph\":[{\"@type\":\"WebPage\",\"@id\":\"https:\/\/otthon.kaposvar.hu\/hu\/lakossagi-informaciok\/kozossegek\/civil-szervezetek\/1-ot-gyujto-civil-szervezetek\/\",\"url\":\"https:\/\/otthon.kaposvar.hu\/hu\/lakossagi-informaciok\/kozossegek\/civil-szervezetek\/1-ot-gyujto-civil-szervezetek\/\",\"name\":\"1%-ot gy\u0171jt\u0151 civil szervezetek - Kaposv\u00e1r Megyei Jog\u00fa V\u00e1ros\",\"isPartOf\":{\"@id\":\"https:\/\/otthon.kaposvar.hu\/hu\/#website\"},\"datePublished\":\"2017-03-03T20:08:54+00:00\",\"dateModified\":\"2026-01-20T04:12:33+00:00\",\"breadcrumb\":{\"@id\":\"https:\/\/otthon.kaposvar.hu\/hu\/lakossagi-informaciok\/kozossegek\/civil-szervezetek\/1-ot-gyujto-civil-szervezetek\/#breadcrumb\"},\"inLanguage\":\"hu\",\"potentialAction\":[{\"@type\":\"ReadAction\",\"target\":[[\"https:\/\/otthon.kaposvar.hu\/hu\/lakossagi-informaciok\/kozossegek\/civil-szervezetek\/1-ot-gyujto-civil-szervezetek\/\"]]}]},{\"@type\":\"BreadcrumbList\",\"@id\":\"https:\/\/otthon.kaposvar.hu\/hu\/lakossagi-informaciok\/kozossegek\/civil-szervezetek\/1-ot-gyujto-civil-szervezetek\/#breadcrumb\",\"itemListElement\":[{\"@type\":\"ListItem\",\"position\":1,\"name\":\"Home\",\"item\":\"https:\/\/otthon.kaposvar.hu\/hu\/\"},{\"@type\":\"ListItem\",\"position\":2,\"name\":\"Lakoss\u00e1gi inform\u00e1ci\u00f3k\",\"item\":\"https:\/\/otthon.kaposvar.hu\/hu\/lakossagi-informaciok\/\"},{\"@type\":\"ListItem\",\"position\":3,\"name\":\"K\u00f6z\u00f6ss\u00e9gek\",\"item\":\"https:\/\/otthon.kaposvar.hu\/hu\/lakossagi-informaciok\/kozossegek\/\"},{\"@type\":\"ListItem\",\"position\":4,\"name\":\"Civil szervezetek\",\"item\":\"https:\/\/otthon.kaposvar.hu\/hu\/lakossagi-informaciok\/kozossegek\/civil-szervezetek\/\"},{\"@type\":\"ListItem\",\"position\":5,\"name\":\"1%-ot gy\u0171jt\u0151 civil szervezetek\"}]},{\"@type\":\"WebSite\",\"@id\":\"https:\/\/otthon.kaposvar.hu\/hu\/#website\",\"url\":\"https:\/\/otthon.kaposvar.hu\/hu\/\",\"name\":\"Kaposv\u00e1r Megyei Jog\u00fa V\u00e1ros\",\"description\":\"\",\"publisher\":{\"@id\":\"https:\/\/otthon.kaposvar.hu\/hu\/#organization\"},\"potentialAction\":[{\"@type\":\"SearchAction\",\"target\":{\"@type\":\"EntryPoint\",\"urlTemplate\":\"https:\/\/otthon.kaposvar.hu\/hu\/?s={search_term_string}\"},\"query-input\":\"required name=search_term_string\"}],\"inLanguage\":\"hu\"},{\"@type\":\"Organization\",\"@id\":\"https:\/\/otthon.kaposvar.hu\/hu\/#organization\",\"name\":\"Kaposv\u00e1r Megyei Jog\u00fa V\u00e1ros\",\"url\":\"https:\/\/otthon.kaposvar.hu\/hu\/\",\"sameAs\":[\"https:\/\/www.instagram.com\/cityofkaposvar\/\",\"https:\/\/www.facebook.com\/cityofkaposvar\/\"],\"logo\":{\"@type\":\"ImageObject\",\"inLanguage\":\"hu\",\"@id\":\"https:\/\/otthon.kaposvar.hu\/hu\/#\/schema\/logo\/image\/\",\"url\":\"https:\/\/otthon.kaposvar.hu\/wp-content\/uploads\/2021\/10\/kaposvar_social.jpg\",\"contentUrl\":\"https:\/\/otthon.kaposvar.hu\/wp-content\/uploads\/2021\/10\/kaposvar_social.jpg\",\"width\":1200,\"height\":900,\"caption\":\"Kaposv\u00e1r Megyei Jog\u00fa V\u00e1ros\"},\"image\":{\"@id\":\"https:\/\/otthon.kaposvar.hu\/hu\/#\/schema\/logo\/image\/\"}}]}<\/script>\n<!-- \/ Yoast SEO plugin. -->","yoast_head_json":{"title":"1%-ot gy\u0171jt\u0151 civil szervezetek - Kaposv\u00e1r Megyei Jog\u00fa V\u00e1ros","robots":{"index":"index","follow":"follow","max-snippet":"max-snippet:-1","max-image-preview":"max-image-preview:large","max-video-preview":"max-video-preview:-1"},"canonical":"https:\/\/otthon.kaposvar.hu\/hu\/lakossagi-informaciok\/kozossegek\/civil-szervezetek\/1-ot-gyujto-civil-szervezetek\/","og_locale":"hu_HU","og_type":"article","og_title":"1%-ot gy\u0171jt\u0151 civil szervezetek - Kaposv\u00e1r Megyei Jog\u00fa V\u00e1ros","og_description":"K\u00d6T\u00c9L Kaposv\u00e1ri \u00d6nk\u00e9ntes T\u0171zolt\u00f3 \u00e9s \u00c9letment\u0151 Egyes\u00fclet K\u00e9rj\u00fck, hogy ad\u00f3ja 1%-\u00e1nak felaj\u00e1nl\u00e1s\u00e1val t\u00e1mogassa Egyes\u00fclet\u00fcnk m\u0171k\u00f6d\u00e9s\u00e9t, hogy Mi is seg\u00edthess\u00fcnk a &#8220;K\u00d6T\u00c9L&#8221; &#8211; be kapaszkod\u00f3 bajbajutott embert\u00e1rsainkon! &#8220;K\u00d6T\u00c9L&#8221; Kaposv\u00e1ri \u00d6nk\u00e9ntes T\u0171zolt\u00f3 \u00e9s \u00c9letment\u0151 Egyes\u00fclet. T\u00e1mogat\u00e1s\u00e1t el\u0151re is k\u00f6sz\u00f6nj\u00fck! Ad\u00f3sz\u00e1munk: 18768398-1-14 &nbsp; &#8220;Borosty\u00e1nvir\u00e1g&#8221; Alap\u00edtv\u00e1ny a csal\u00e1d n\u00e9lk\u00fcl megsz\u00fcletett gyermekek \u00e9s fiatal any\u00e1k megseg\u00edt\u00e9s\u00e9re A Borosty\u00e1nvir\u00e1g Alap\u00edtv\u00e1ny 1997. [&hellip;]","og_url":"https:\/\/otthon.kaposvar.hu\/hu\/lakossagi-informaciok\/kozossegek\/civil-szervezetek\/1-ot-gyujto-civil-szervezetek\/","og_site_name":"Kaposv\u00e1r Megyei Jog\u00fa V\u00e1ros","article_publisher":"https:\/\/www.facebook.com\/cityofkaposvar\/","article_modified_time":"2026-01-20T04:12:33+00:00","og_image":[{"width":1200,"height":900,"url":"https:\/\/otthon.kaposvar.hu\/wp-content\/uploads\/2021\/10\/kaposvar_social.jpg","type":"image\/jpeg"}],"twitter_card":"summary_large_image","twitter_misc":{"Becs\u00fclt olvas\u00e1si id\u0151":"8 perc"},"schema":{"@context":"https:\/\/schema.org","@graph":[{"@type":"WebPage","@id":"https:\/\/otthon.kaposvar.hu\/hu\/lakossagi-informaciok\/kozossegek\/civil-szervezetek\/1-ot-gyujto-civil-szervezetek\/","url":"https:\/\/otthon.kaposvar.hu\/hu\/lakossagi-informaciok\/kozossegek\/civil-szervezetek\/1-ot-gyujto-civil-szervezetek\/","name":"1%-ot gy\u0171jt\u0151 civil szervezetek - Kaposv\u00e1r Megyei Jog\u00fa V\u00e1ros","isPartOf":{"@id":"https:\/\/otthon.kaposvar.hu\/hu\/#website"},"datePublished":"2017-03-03T20:08:54+00:00","dateModified":"2026-01-20T04:12:33+00:00","breadcrumb":{"@id":"https:\/\/otthon.kaposvar.hu\/hu\/lakossagi-informaciok\/kozossegek\/civil-szervezetek\/1-ot-gyujto-civil-szervezetek\/#breadcrumb"},"inLanguage":"hu","potentialAction":[{"@type":"ReadAction","target":[["https:\/\/otthon.kaposvar.hu\/hu\/lakossagi-informaciok\/kozossegek\/civil-szervezetek\/1-ot-gyujto-civil-szervezetek\/"]]}]},{"@type":"BreadcrumbList","@id":"https:\/\/otthon.kaposvar.hu\/hu\/lakossagi-informaciok\/kozossegek\/civil-szervezetek\/1-ot-gyujto-civil-szervezetek\/#breadcrumb","itemListElement":[{"@type":"ListItem","position":1,"name":"Home","item":"https:\/\/otthon.kaposvar.hu\/hu\/"},{"@type":"ListItem","position":2,"name":"Lakoss\u00e1gi inform\u00e1ci\u00f3k","item":"https:\/\/otthon.kaposvar.hu\/hu\/lakossagi-informaciok\/"},{"@type":"ListItem","position":3,"name":"K\u00f6z\u00f6ss\u00e9gek","item":"https:\/\/otthon.kaposvar.hu\/hu\/lakossagi-informaciok\/kozossegek\/"},{"@type":"ListItem","position":4,"name":"Civil szervezetek","item":"https:\/\/otthon.kaposvar.hu\/hu\/lakossagi-informaciok\/kozossegek\/civil-szervezetek\/"},{"@type":"ListItem","position":5,"name":"1%-ot gy\u0171jt\u0151 civil szervezetek"}]},{"@type":"WebSite","@id":"https:\/\/otthon.kaposvar.hu\/hu\/#website","url":"https:\/\/otthon.kaposvar.hu\/hu\/","name":"Kaposv\u00e1r Megyei Jog\u00fa V\u00e1ros","description":"","publisher":{"@id":"https:\/\/otthon.kaposvar.hu\/hu\/#organization"},"potentialAction":[{"@type":"SearchAction","target":{"@type":"EntryPoint","urlTemplate":"https:\/\/otthon.kaposvar.hu\/hu\/?s={search_term_string}"},"query-input":"required name=search_term_string"}],"inLanguage":"hu"},{"@type":"Organization","@id":"https:\/\/otthon.kaposvar.hu\/hu\/#organization","name":"Kaposv\u00e1r Megyei Jog\u00fa V\u00e1ros","url":"https:\/\/otthon.kaposvar.hu\/hu\/","sameAs":["https:\/\/www.instagram.com\/cityofkaposvar\/","https:\/\/www.facebook.com\/cityofkaposvar\/"],"logo":{"@type":"ImageObject","inLanguage":"hu","@id":"https:\/\/otthon.kaposvar.hu\/hu\/#\/schema\/logo\/image\/","url":"https:\/\/otthon.kaposvar.hu\/wp-content\/uploads\/2021\/10\/kaposvar_social.jpg","contentUrl":"https:\/\/otthon.kaposvar.hu\/wp-content\/uploads\/2021\/10\/kaposvar_social.jpg","width":1200,"height":900,"caption":"Kaposv\u00e1r Megyei Jog\u00fa V\u00e1ros"},"image":{"@id":"https:\/\/otthon.kaposvar.hu\/hu\/#\/schema\/logo\/image\/"}}]}},"_links":{"self":[{"href":"https:\/\/otthon.kaposvar.hu\/hu\/wp-json\/wp\/v2\/pages\/1165"}],"collection":[{"href":"https:\/\/otthon.kaposvar.hu\/hu\/wp-json\/wp\/v2\/pages"}],"about":[{"href":"https:\/\/otthon.kaposvar.hu\/hu\/wp-json\/wp\/v2\/types\/page"}],"author":[{"embeddable":true,"href":"https:\/\/otthon.kaposvar.hu\/hu\/wp-json\/wp\/v2\/users\/1"}],"replies":[{"embeddable":true,"href":"https:\/\/otthon.kaposvar.hu\/hu\/wp-json\/wp\/v2\/comments?post=1165"}],"version-history":[{"count":0,"href":"https:\/\/otthon.kaposvar.hu\/hu\/wp-json\/wp\/v2\/pages\/1165\/revisions"}],"up":[{"embeddable":true,"href":"https:\/\/otthon.kaposvar.hu\/hu\/wp-json\/wp\/v2\/pages\/267"}],"wp:attachment":[{"href":"https:\/\/otthon.kaposvar.hu\/hu\/wp-json\/wp\/v2\/media?parent=1165"}],"curies":[{"name":"wp","href":"https:\/\/api.w.org\/{rel}","templated":true}]}}