{"id":1147,"date":"2017-02-27T19:51:28","date_gmt":"2017-02-27T18:51:28","guid":{"rendered":"http:\/\/lakossag.kaposvar\/?page_id=1147"},"modified":"2026-02-16T10:58:23","modified_gmt":"2026-02-16T09:58:23","slug":"kaposvari-humanszolgaltatasi-gondnoksag","status":"publish","type":"page","link":"https:\/\/otthon.kaposvar.hu\/hu\/lakossagi-informaciok\/szocialis-ugyek\/kaposvari-humanszolgaltatasi-gondnoksag\/","title":{"rendered":"Kaposv\u00e1ri Hum\u00e1nszolg\u00e1ltat\u00e1si Gondnoks\u00e1g"},"content":{"rendered":"<p><\/p>\n<h2 class=\"kv-page-content-title\">Kaposv\u00e1ri Hum\u00e1nszolg\u00e1ltat\u00e1si Gondnoks\u00e1g<\/h2>\n<h4 class=\"kv-page-content-paragraphtitle\">Igazgat\u00f3: Szibern\u00e9 Feh\u00e9r \u00c9va<\/h4>\n<p class=\"kv-page-content-paragraph\">7400 Kaposv\u00e1r, 48-as ifj\u00fas\u00e1g \u00fatja 58\u201368<br \/>\nTelefon: +36 (82) 511 738<br \/>\nE-mail: <a href=\"mailto:szibereva@gmail.com\">szibereva@gmail.com<\/a><\/p>\n<div class=\"kv-page-margin-05\">\u00a0<\/div>\n<p class=\"kv-page-content-paragraph\">\u00dcgyf\u00e9lfogad\u00e1s, munkarend: munkanapokon 7.30\u201315.30, valamint rendel\u00e9si \u00e9s rendelkez\u00e9sre \u00e1ll\u00e1si id\u0151k szerint.<br \/>\nTev\u00e9kenys\u00e9g: feladatk\u00f6r\u00e9be tartozik a gazdas\u00e1gi ell\u00e1t\u00f3 tev\u00e9kenys\u00e9gen \u00e9s a gyermekj\u00f3l\u00e9ti ell\u00e1t\u00e1sok biztos\u00edt\u00e1s\u00e1n t\u00fal a h\u00e1ziorvosi \u00e9s h\u00e1zi gyermekorvosi, k\u00f6zponti \u00fcgyeleti, iskola-eg\u00e9szs\u00e9g\u00fcgyi, v\u00e9d\u0151n\u0151i, anya-gyermek \u00e9s csecsem\u0151v\u00e9delmi, feln\u0151tt- \u00e9s iskolafog\u00e1szati, valamint praxislaborat\u00f3riumi szolg\u00e1latok m\u0171k\u00f6dtet\u00e9se.<\/p>\n<div class=\"kv-page-margin-1\">\u00a0<\/div>\n<h2 class=\"kv-page-content-title\">Kaposv\u00e1ri Hum\u00e1nszolg\u00e1ltat\u00e1si Gondnoks\u00e1g<br \/>\nCsal\u00e1dseg\u00edt\u0151 \u00e9s Gyermekj\u00f3l\u00e9ti K\u00f6zpont<\/h2>\n<h4 class=\"kv-page-content-paragraphtitle\">Szakmai vezet\u0151: J\u00e1szber\u00e9nyi \u00c1gnes<\/h4>\n<p class=\"kv-page-content-paragraph\">7400 Kaposv\u00e1r, Honv\u00e9d utca 33\/a<br \/>\nTelefon: +36 (82) 529 180<br \/>\ne-mail: <span style=\"font-family: Bookman Old Style\"><a class=\"moz-txt-link-abbreviated\" href=\"mailto:jaszberenyi.agnes@cssk.hu\">jaszberenyi.agnes@cssk.hu<\/a>, <a class=\"moz-txt-link-abbreviated\" href=\"mailto:kaposvar@cssk.hu\">kaposvar@cssk.hu<\/a><\/span><\/p>\n<div class=\"kv-page-margin-05\">\u00a0<\/div>\n<h3 class=\"kv-page-content-subtitle\">Szervezeti egys\u00e9gek<\/h3>\n<h4 class=\"kv-page-content-paragraphtitle\">Szolg\u00e1ltat\u00f3 Csoport<\/h4>\n<p class=\"kv-page-content-paragraph\">7400 Kaposv\u00e1r, Honv\u00e9d utca 33\/a<br \/>\n\u00dcgyf\u00e9lfogad\u00e1s: h\u00e9tf\u0151t\u0151l cs\u00fct\u00f6rt\u00f6kig 8.00\u201316.00<br \/>\nTelefon: +36 (82) 511 613<br \/>\nE-mail: <a href=\"mailto:szolgaltato.csoport@cssk.hu\">szolgaltato.csoport@cssk.hu<\/a><\/p>\n<div class=\"kv-page-margin-05\">\u00a0<\/div>\n<h4 class=\"kv-page-content-paragraphtitle\">J\u00e1r\u00e1si csoport<\/h4>\n<p class=\"kv-page-content-paragraph\">7400 Kaposv\u00e1r, Honv\u00e9d utca 33\/a<br \/>\n\u00dcgyf\u00e9lfogad\u00e1s: h\u00e9tf\u0151t\u0151l cs\u00fct\u00f6rt\u00f6kig 8.00\u201316.00<br \/>\nTelefon: +36 (82) 511 613<br \/>\nE-mail: <a href=\"mailto:szolgaltato.csoport@cssk.hu\">szolgaltato.csoport@cssk.hu<\/a><\/p>\n<div class=\"kv-page-margin-05\">\u00a0<\/div>\n<h4 class=\"kv-page-content-paragraphtitle\">Ad\u00f3ss\u00e1gkezel\u00e9si munkacsoport<\/h4>\n<p class=\"kv-page-content-paragraph\">7400 Kaposv\u00e1r, Honv\u00e9d utca 33\/a<br \/>\n\u00dcgyf\u00e9lfogad\u00e1s: h\u00e9tf\u0151 13.00\u201316.00, szerda 8.00\u201312.00 \u00e9s 13.00\u201316.00, cs\u00fct\u00f6rt\u00f6k 8.00\u201312.00<br \/>\nTelefon: +36 (82) 512 158<br \/>\nE-mail: <a href=\"mailto:adossagkezelo@cssk.hu\">adossagkezelo@cssk.hu<\/a><\/p>\n<div class=\"kv-page-margin-05\">\u00a0<\/div>\n<p class=\"kv-page-content-paragraph\">A Csal\u00e1dseg\u00edt\u0151 \u00e9s Gyermekj\u00f3l\u00e9ti K\u00f6zpont a szem\u00e9lyes gondoskod\u00e1s keret\u00e9be tartoz\u00f3 szoci\u00e1lis alapell\u00e1t\u00e1st biztos\u00edtja, illetve ell\u00e1tja az ad\u00f3ss\u00e1gkezel\u00e9si szolg\u00e1ltat\u00e1shoz kapcsol\u00f3d\u00f3 feladatokat. Az ad\u00f3ss\u00e1gkezel\u00e9si szolg\u00e1ltat\u00e1s a szoci\u00e1lisan r\u00e1szorult szem\u00e9lyek r\u00e9sz\u00e9re ny\u00fajtott, lakhat\u00e1st seg\u00edt\u0151 ell\u00e1t\u00e1s.<br \/>\nSzocioNet Csal\u00e1dseg\u00edt\u0151 \u00e9s Gyermekj\u00f3l\u00e9ti K\u00f6zpont J\u00e1r\u00e1si Csoportja 2016. janu\u00e1r 1-j\u00e9t\u0151l a Kaposv\u00e1ri j\u00e1r\u00e1s ter\u00fclet\u00e9n csal\u00e1d- \u00e9s gyermekj\u00f3l\u00e9ti k\u00f6zpontk\u00e9nt l\u00e1tja el feladatait, a Szolg\u00e1ltat\u00f3 Csoport Kaposv\u00e1r v\u00e1ros ter\u00fclet\u00e9n ny\u00fajt szolg\u00e1ltat\u00e1st a csal\u00e1dok seg\u00edt\u00e9se \u00e9rdek\u00e9ben. Folyamatosan figyelemmel k\u00eds\u00e9ri a m\u0171k\u00f6d\u00e9si ter\u00fclet\u00e9n \u00e9l\u0151 gyermek- \u00e9s fiatalkor\u00fa, valamint fiatal feln\u0151tt lakoss\u00e1g helyzet\u00e9t, kezdem\u00e9nyezi egyes r\u00e1szorul\u00f3 csoportok, szem\u00e9lyek t\u00f6rv\u00e9nyben meghat\u00e1rozott vagy m\u00e1s speci\u00e1lis ell\u00e1t\u00e1s\u00e1t. Ingyenes szolg\u00e1ltat\u00e1sok: jogi, pszichol\u00f3giai, orvosi tan\u00e1csad\u00e1s, \u00e9letvezet\u00e9si tan\u00e1csad\u00e1s.<\/p>\n<div class=\"kv-page-margin-1\">\u00a0<\/div>\n<h2 class=\"kv-page-content-title\">Kaposv\u00e1ri Hum\u00e1nszolg\u00e1ltat\u00e1si Gondnoks\u00e1g<br \/>\nB\u00f6lcs\u0151dei K\u00f6zpont<\/h2>\n<h4 class=\"kv-page-content-paragraphtitle\">Szakmai vezet\u0151i feladatokkal megb\u00edzott kisgyermeknevel\u0151: Andics Andrea<\/h4>\n<p class=\"kv-page-content-paragraph\">7400 Kaposv\u00e1r, Nemzet\u0151r sor 10.<br \/>\nTelefon: +36 (82) 313 172<br \/>\nE-mail: <a href=\"mailto:bolcsodeikozpont@gmail.com\">bolcsodeikozpont@kaposvarigesz.hu<\/a><br \/>\nHonlap: <a href=\"http:\/\/www.kaposvaribolcsodek.hu\" target=\"_blank\" rel=\"noopener\">www.kaposvaribolcsodek.hu<\/a><\/p>\n<div class=\"kv-page-margin-05\">\u00a0<\/div>\n<h3 class=\"kv-page-content-subtitle\">B\u00f6lcs\u0151d\u00e9k<\/h3>\n<ul>\n<li>Kaposv\u00e1r, B\u00fazavir\u00e1g utca 19. (B\u00fazavir\u00e1g B\u00f6lcs\u0151de) Telefon: +36 (82) 320 357, buzavirag.bolcsode@kaposvarigesz.hu<br \/>\nF\u00e9r\u0151helyek sz\u00e1ma: 38<\/li>\n<li>Kaposv\u00e1r, Nemzet\u0151r sor 10. (T\u00e1tika B\u00f6lcs\u0151de) Telefon: +36 (82) 321 968, csiribiribolcsi@kaposvarigesz.hu<br \/>\nF\u00e9r\u0151helyek sz\u00e1ma: 62<\/li>\n<li>Kaposv\u00e1r, Pet\u0151fi utca 18. (Tulip\u00e1nos B\u00f6lcs\u0151de) Telefon: +36 (82) 320 717, petofi.bolcsode@kaposvarigesz.hu<br \/>\nF\u00e9r\u0151helyek sz\u00e1ma: 116<\/li>\n<li>Kaposv\u00e1r, Somssich P\u00e1l utca 10. (Sz\u00e1zszorsz\u00e9p B\u00f6lcs\u0151de) Telefon: +36 (82) 314 459, somssich.bolcsode@kaposvarigesz.hu<br \/>\nF\u00e9r\u0151helyek sz\u00e1ma: 38<\/li>\n<li>Kaposv\u00e1r, Szigetv\u00e1ri utca 7. (Pipit\u00e9r B\u00f6lcs\u0151de) Telefon: +36 (82) 424 789, szigetvari.bolcsode@kaposvarigesz.hu<br \/>\nF\u00e9r\u0151helyek sz\u00e1ma: 26<\/li>\n<\/ul>\n<div class=\"kv-page-margin-05\">\u00a0<\/div>\n<h3 class=\"kv-page-content-subtitle\">Mit ny\u00fajt a b\u00f6lcs\u0151de?<\/h3>\n<ul>\n<li>a sz\u00fcl\u0151vel t\u00f6rt\u00e9n\u0151 fokozatos beszoktat\u00e1s lehet\u0151s\u00e9get ad a b\u00f6lcs\u0151dei \u00e9let megismer\u00e9s\u00e9hez<\/li>\n<li>a gyermekek ell\u00e1t\u00e1s\u00e1t szakk\u00e9pzett gondoz\u00f3n\u0151k v\u00e9gzik<\/li>\n<li>\u00e9letkornak megfelel\u0151, korszer\u0171 t\u00e1pl\u00e1l\u00e1st ny\u00fajtanak, a t\u00e1pl\u00e1l\u00e9kallergi\u00e1s gyermekek \u00e9tkeztet\u00e9s\u00e9t is v\u00e1llalj\u00e1k<\/li>\n<li>rendszeres orvosi fel\u00fcgyeletet<\/li>\n<li>a napirend \u00e1ltal biztos\u00edtva a megfelel\u0151 \u00e9letritmus kialak\u00edt\u00e1s\u00e1t<\/li>\n<li>a szabad leveg\u0151n val\u00f3 tart\u00f3zkod\u00e1ssal \u00e9s alv\u00e1ssal el\u0151seg\u00edti a gyermek fejl\u0151d\u00e9s\u00e9t<\/li>\n<li>a korai t\u00e1rsas kapcsolatok hozz\u00e1j\u00e1rulnak az \u00f3vodai k\u00f6z\u00f6ss\u00e9gbe val\u00f3 k\u00f6nnyebb beilleszked\u00e9shez<\/li>\n<\/ul>\n<div class=\"kv-page-margin-1\">\u00a0<\/div>\n<p><\/p>","protected":false},"excerpt":{"rendered":"<p>Kaposv\u00e1ri Hum\u00e1nszolg\u00e1ltat\u00e1si Gondnoks\u00e1g Igazgat\u00f3: Szibern\u00e9 Feh\u00e9r \u00c9va 7400 Kaposv\u00e1r, 48-as ifj\u00fas\u00e1g \u00fatja 58\u201368 Telefon: +36 (82) 511 738 E-mail: szibereva@gmail.com \u00a0 \u00dcgyf\u00e9lfogad\u00e1s, munkarend: munkanapokon 7.30\u201315.30, valamint rendel\u00e9si \u00e9s rendelkez\u00e9sre \u00e1ll\u00e1si id\u0151k szerint. Tev\u00e9kenys\u00e9g: feladatk\u00f6r\u00e9be tartozik a gazdas\u00e1gi ell\u00e1t\u00f3 tev\u00e9kenys\u00e9gen \u00e9s a gyermekj\u00f3l\u00e9ti ell\u00e1t\u00e1sok biztos\u00edt\u00e1s\u00e1n t\u00fal a h\u00e1ziorvosi \u00e9s h\u00e1zi gyermekorvosi, k\u00f6zponti \u00fcgyeleti, iskola-eg\u00e9szs\u00e9g\u00fcgyi, v\u00e9d\u0151n\u0151i, anya-gyermek [&hellip;]<\/p>\n","protected":false},"author":1,"featured_media":1395,"parent":237,"menu_order":0,"comment_status":"closed","ping_status":"closed","template":"","meta":[],"acf":[],"yoast_head":"<!-- This site is optimized with the Yoast SEO plugin v19.8 - https:\/\/yoast.com\/wordpress\/plugins\/seo\/ -->\n<title>Kaposv\u00e1ri Hum\u00e1nszolg\u00e1ltat\u00e1si Gondnoks\u00e1g - Kaposv\u00e1r Megyei Jog\u00fa V\u00e1ros<\/title>\n<meta name=\"robots\" content=\"index, follow, max-snippet:-1, max-image-preview:large, max-video-preview:-1\" \/>\n<link rel=\"canonical\" href=\"https:\/\/otthon.kaposvar.hu\/hu\/lakossagi-informaciok\/szocialis-ugyek\/kaposvari-humanszolgaltatasi-gondnoksag\/\" \/>\n<meta property=\"og:locale\" content=\"hu_HU\" \/>\n<meta property=\"og:type\" content=\"article\" \/>\n<meta property=\"og:title\" content=\"Kaposv\u00e1ri Hum\u00e1nszolg\u00e1ltat\u00e1si Gondnoks\u00e1g - Kaposv\u00e1r Megyei Jog\u00fa V\u00e1ros\" \/>\n<meta property=\"og:description\" content=\"Kaposv\u00e1ri Hum\u00e1nszolg\u00e1ltat\u00e1si Gondnoks\u00e1g Igazgat\u00f3: Szibern\u00e9 Feh\u00e9r \u00c9va 7400 Kaposv\u00e1r, 48-as ifj\u00fas\u00e1g \u00fatja 58\u201368 Telefon: +36 (82) 511 738 E-mail: szibereva@gmail.com \u00a0 \u00dcgyf\u00e9lfogad\u00e1s, munkarend: munkanapokon 7.30\u201315.30, valamint rendel\u00e9si \u00e9s rendelkez\u00e9sre \u00e1ll\u00e1si id\u0151k szerint. Tev\u00e9kenys\u00e9g: feladatk\u00f6r\u00e9be tartozik a gazdas\u00e1gi ell\u00e1t\u00f3 tev\u00e9kenys\u00e9gen \u00e9s a gyermekj\u00f3l\u00e9ti ell\u00e1t\u00e1sok biztos\u00edt\u00e1s\u00e1n t\u00fal a h\u00e1ziorvosi \u00e9s h\u00e1zi gyermekorvosi, k\u00f6zponti \u00fcgyeleti, iskola-eg\u00e9szs\u00e9g\u00fcgyi, v\u00e9d\u0151n\u0151i, anya-gyermek [&hellip;]\" \/>\n<meta property=\"og:url\" content=\"https:\/\/otthon.kaposvar.hu\/hu\/lakossagi-informaciok\/szocialis-ugyek\/kaposvari-humanszolgaltatasi-gondnoksag\/\" \/>\n<meta property=\"og:site_name\" content=\"Kaposv\u00e1r Megyei Jog\u00fa V\u00e1ros\" \/>\n<meta property=\"article:publisher\" content=\"https:\/\/www.facebook.com\/cityofkaposvar\/\" \/>\n<meta property=\"article:modified_time\" content=\"2026-02-16T09:58:23+00:00\" \/>\n<meta property=\"og:image\" content=\"https:\/\/otthon.kaposvar.hu\/wp-content\/uploads\/2017\/02\/szocionet.jpg\" \/>\n\t<meta property=\"og:image:width\" content=\"1920\" \/>\n\t<meta property=\"og:image:height\" content=\"1440\" \/>\n\t<meta property=\"og:image:type\" content=\"image\/jpeg\" \/>\n<meta name=\"twitter:card\" content=\"summary_large_image\" \/>\n<meta name=\"twitter:label1\" content=\"Becs\u00fclt olvas\u00e1si id\u0151\" \/>\n\t<meta name=\"twitter:data1\" content=\"3 perc\" \/>\n<script type=\"application\/ld+json\" class=\"yoast-schema-graph\">{\"@context\":\"https:\/\/schema.org\",\"@graph\":[{\"@type\":\"WebPage\",\"@id\":\"https:\/\/otthon.kaposvar.hu\/hu\/lakossagi-informaciok\/szocialis-ugyek\/kaposvari-humanszolgaltatasi-gondnoksag\/\",\"url\":\"https:\/\/otthon.kaposvar.hu\/hu\/lakossagi-informaciok\/szocialis-ugyek\/kaposvari-humanszolgaltatasi-gondnoksag\/\",\"name\":\"Kaposv\u00e1ri Hum\u00e1nszolg\u00e1ltat\u00e1si Gondnoks\u00e1g - Kaposv\u00e1r Megyei Jog\u00fa V\u00e1ros\",\"isPartOf\":{\"@id\":\"https:\/\/otthon.kaposvar.hu\/hu\/#website\"},\"datePublished\":\"2017-02-27T18:51:28+00:00\",\"dateModified\":\"2026-02-16T09:58:23+00:00\",\"breadcrumb\":{\"@id\":\"https:\/\/otthon.kaposvar.hu\/hu\/lakossagi-informaciok\/szocialis-ugyek\/kaposvari-humanszolgaltatasi-gondnoksag\/#breadcrumb\"},\"inLanguage\":\"hu\",\"potentialAction\":[{\"@type\":\"ReadAction\",\"target\":[[\"https:\/\/otthon.kaposvar.hu\/hu\/lakossagi-informaciok\/szocialis-ugyek\/kaposvari-humanszolgaltatasi-gondnoksag\/\"]]}]},{\"@type\":\"BreadcrumbList\",\"@id\":\"https:\/\/otthon.kaposvar.hu\/hu\/lakossagi-informaciok\/szocialis-ugyek\/kaposvari-humanszolgaltatasi-gondnoksag\/#breadcrumb\",\"itemListElement\":[{\"@type\":\"ListItem\",\"position\":1,\"name\":\"Home\",\"item\":\"https:\/\/otthon.kaposvar.hu\/hu\/\"},{\"@type\":\"ListItem\",\"position\":2,\"name\":\"Lakoss\u00e1gi inform\u00e1ci\u00f3k\",\"item\":\"https:\/\/otthon.kaposvar.hu\/hu\/lakossagi-informaciok\/\"},{\"@type\":\"ListItem\",\"position\":3,\"name\":\"Szoci\u00e1lis \u00fcgyek\",\"item\":\"https:\/\/otthon.kaposvar.hu\/hu\/lakossagi-informaciok\/szocialis-ugyek\/\"},{\"@type\":\"ListItem\",\"position\":4,\"name\":\"Kaposv\u00e1ri Hum\u00e1nszolg\u00e1ltat\u00e1si Gondnoks\u00e1g\"}]},{\"@type\":\"WebSite\",\"@id\":\"https:\/\/otthon.kaposvar.hu\/hu\/#website\",\"url\":\"https:\/\/otthon.kaposvar.hu\/hu\/\",\"name\":\"Kaposv\u00e1r Megyei Jog\u00fa V\u00e1ros\",\"description\":\"\",\"publisher\":{\"@id\":\"https:\/\/otthon.kaposvar.hu\/hu\/#organization\"},\"potentialAction\":[{\"@type\":\"SearchAction\",\"target\":{\"@type\":\"EntryPoint\",\"urlTemplate\":\"https:\/\/otthon.kaposvar.hu\/hu\/?s={search_term_string}\"},\"query-input\":\"required name=search_term_string\"}],\"inLanguage\":\"hu\"},{\"@type\":\"Organization\",\"@id\":\"https:\/\/otthon.kaposvar.hu\/hu\/#organization\",\"name\":\"Kaposv\u00e1r Megyei Jog\u00fa V\u00e1ros\",\"url\":\"https:\/\/otthon.kaposvar.hu\/hu\/\",\"sameAs\":[\"https:\/\/www.instagram.com\/cityofkaposvar\/\",\"https:\/\/www.facebook.com\/cityofkaposvar\/\"],\"logo\":{\"@type\":\"ImageObject\",\"inLanguage\":\"hu\",\"@id\":\"https:\/\/otthon.kaposvar.hu\/hu\/#\/schema\/logo\/image\/\",\"url\":\"https:\/\/otthon.kaposvar.hu\/wp-content\/uploads\/2021\/10\/kaposvar_social.jpg\",\"contentUrl\":\"https:\/\/otthon.kaposvar.hu\/wp-content\/uploads\/2021\/10\/kaposvar_social.jpg\",\"width\":1200,\"height\":900,\"caption\":\"Kaposv\u00e1r Megyei Jog\u00fa V\u00e1ros\"},\"image\":{\"@id\":\"https:\/\/otthon.kaposvar.hu\/hu\/#\/schema\/logo\/image\/\"}}]}<\/script>\n<!-- \/ Yoast SEO plugin. -->","yoast_head_json":{"title":"Kaposv\u00e1ri Hum\u00e1nszolg\u00e1ltat\u00e1si Gondnoks\u00e1g - Kaposv\u00e1r Megyei Jog\u00fa V\u00e1ros","robots":{"index":"index","follow":"follow","max-snippet":"max-snippet:-1","max-image-preview":"max-image-preview:large","max-video-preview":"max-video-preview:-1"},"canonical":"https:\/\/otthon.kaposvar.hu\/hu\/lakossagi-informaciok\/szocialis-ugyek\/kaposvari-humanszolgaltatasi-gondnoksag\/","og_locale":"hu_HU","og_type":"article","og_title":"Kaposv\u00e1ri Hum\u00e1nszolg\u00e1ltat\u00e1si Gondnoks\u00e1g - Kaposv\u00e1r Megyei Jog\u00fa V\u00e1ros","og_description":"Kaposv\u00e1ri Hum\u00e1nszolg\u00e1ltat\u00e1si Gondnoks\u00e1g Igazgat\u00f3: Szibern\u00e9 Feh\u00e9r \u00c9va 7400 Kaposv\u00e1r, 48-as ifj\u00fas\u00e1g \u00fatja 58\u201368 Telefon: +36 (82) 511 738 E-mail: szibereva@gmail.com \u00a0 \u00dcgyf\u00e9lfogad\u00e1s, munkarend: munkanapokon 7.30\u201315.30, valamint rendel\u00e9si \u00e9s rendelkez\u00e9sre \u00e1ll\u00e1si id\u0151k szerint. Tev\u00e9kenys\u00e9g: feladatk\u00f6r\u00e9be tartozik a gazdas\u00e1gi ell\u00e1t\u00f3 tev\u00e9kenys\u00e9gen \u00e9s a gyermekj\u00f3l\u00e9ti ell\u00e1t\u00e1sok biztos\u00edt\u00e1s\u00e1n t\u00fal a h\u00e1ziorvosi \u00e9s h\u00e1zi gyermekorvosi, k\u00f6zponti \u00fcgyeleti, iskola-eg\u00e9szs\u00e9g\u00fcgyi, v\u00e9d\u0151n\u0151i, anya-gyermek [&hellip;]","og_url":"https:\/\/otthon.kaposvar.hu\/hu\/lakossagi-informaciok\/szocialis-ugyek\/kaposvari-humanszolgaltatasi-gondnoksag\/","og_site_name":"Kaposv\u00e1r Megyei Jog\u00fa V\u00e1ros","article_publisher":"https:\/\/www.facebook.com\/cityofkaposvar\/","article_modified_time":"2026-02-16T09:58:23+00:00","og_image":[{"width":1920,"height":1440,"url":"https:\/\/otthon.kaposvar.hu\/wp-content\/uploads\/2017\/02\/szocionet.jpg","type":"image\/jpeg"}],"twitter_card":"summary_large_image","twitter_misc":{"Becs\u00fclt olvas\u00e1si id\u0151":"3 perc"},"schema":{"@context":"https:\/\/schema.org","@graph":[{"@type":"WebPage","@id":"https:\/\/otthon.kaposvar.hu\/hu\/lakossagi-informaciok\/szocialis-ugyek\/kaposvari-humanszolgaltatasi-gondnoksag\/","url":"https:\/\/otthon.kaposvar.hu\/hu\/lakossagi-informaciok\/szocialis-ugyek\/kaposvari-humanszolgaltatasi-gondnoksag\/","name":"Kaposv\u00e1ri Hum\u00e1nszolg\u00e1ltat\u00e1si Gondnoks\u00e1g - Kaposv\u00e1r Megyei Jog\u00fa V\u00e1ros","isPartOf":{"@id":"https:\/\/otthon.kaposvar.hu\/hu\/#website"},"datePublished":"2017-02-27T18:51:28+00:00","dateModified":"2026-02-16T09:58:23+00:00","breadcrumb":{"@id":"https:\/\/otthon.kaposvar.hu\/hu\/lakossagi-informaciok\/szocialis-ugyek\/kaposvari-humanszolgaltatasi-gondnoksag\/#breadcrumb"},"inLanguage":"hu","potentialAction":[{"@type":"ReadAction","target":[["https:\/\/otthon.kaposvar.hu\/hu\/lakossagi-informaciok\/szocialis-ugyek\/kaposvari-humanszolgaltatasi-gondnoksag\/"]]}]},{"@type":"BreadcrumbList","@id":"https:\/\/otthon.kaposvar.hu\/hu\/lakossagi-informaciok\/szocialis-ugyek\/kaposvari-humanszolgaltatasi-gondnoksag\/#breadcrumb","itemListElement":[{"@type":"ListItem","position":1,"name":"Home","item":"https:\/\/otthon.kaposvar.hu\/hu\/"},{"@type":"ListItem","position":2,"name":"Lakoss\u00e1gi inform\u00e1ci\u00f3k","item":"https:\/\/otthon.kaposvar.hu\/hu\/lakossagi-informaciok\/"},{"@type":"ListItem","position":3,"name":"Szoci\u00e1lis \u00fcgyek","item":"https:\/\/otthon.kaposvar.hu\/hu\/lakossagi-informaciok\/szocialis-ugyek\/"},{"@type":"ListItem","position":4,"name":"Kaposv\u00e1ri Hum\u00e1nszolg\u00e1ltat\u00e1si Gondnoks\u00e1g"}]},{"@type":"WebSite","@id":"https:\/\/otthon.kaposvar.hu\/hu\/#website","url":"https:\/\/otthon.kaposvar.hu\/hu\/","name":"Kaposv\u00e1r Megyei Jog\u00fa V\u00e1ros","description":"","publisher":{"@id":"https:\/\/otthon.kaposvar.hu\/hu\/#organization"},"potentialAction":[{"@type":"SearchAction","target":{"@type":"EntryPoint","urlTemplate":"https:\/\/otthon.kaposvar.hu\/hu\/?s={search_term_string}"},"query-input":"required name=search_term_string"}],"inLanguage":"hu"},{"@type":"Organization","@id":"https:\/\/otthon.kaposvar.hu\/hu\/#organization","name":"Kaposv\u00e1r Megyei Jog\u00fa V\u00e1ros","url":"https:\/\/otthon.kaposvar.hu\/hu\/","sameAs":["https:\/\/www.instagram.com\/cityofkaposvar\/","https:\/\/www.facebook.com\/cityofkaposvar\/"],"logo":{"@type":"ImageObject","inLanguage":"hu","@id":"https:\/\/otthon.kaposvar.hu\/hu\/#\/schema\/logo\/image\/","url":"https:\/\/otthon.kaposvar.hu\/wp-content\/uploads\/2021\/10\/kaposvar_social.jpg","contentUrl":"https:\/\/otthon.kaposvar.hu\/wp-content\/uploads\/2021\/10\/kaposvar_social.jpg","width":1200,"height":900,"caption":"Kaposv\u00e1r Megyei Jog\u00fa V\u00e1ros"},"image":{"@id":"https:\/\/otthon.kaposvar.hu\/hu\/#\/schema\/logo\/image\/"}}]}},"_links":{"self":[{"href":"https:\/\/otthon.kaposvar.hu\/hu\/wp-json\/wp\/v2\/pages\/1147"}],"collection":[{"href":"https:\/\/otthon.kaposvar.hu\/hu\/wp-json\/wp\/v2\/pages"}],"about":[{"href":"https:\/\/otthon.kaposvar.hu\/hu\/wp-json\/wp\/v2\/types\/page"}],"author":[{"embeddable":true,"href":"https:\/\/otthon.kaposvar.hu\/hu\/wp-json\/wp\/v2\/users\/1"}],"replies":[{"embeddable":true,"href":"https:\/\/otthon.kaposvar.hu\/hu\/wp-json\/wp\/v2\/comments?post=1147"}],"version-history":[{"count":0,"href":"https:\/\/otthon.kaposvar.hu\/hu\/wp-json\/wp\/v2\/pages\/1147\/revisions"}],"up":[{"embeddable":true,"href":"https:\/\/otthon.kaposvar.hu\/hu\/wp-json\/wp\/v2\/pages\/237"}],"wp:featuredmedia":[{"embeddable":true,"href":"https:\/\/otthon.kaposvar.hu\/hu\/wp-json\/wp\/v2\/media\/1395"}],"wp:attachment":[{"href":"https:\/\/otthon.kaposvar.hu\/hu\/wp-json\/wp\/v2\/media?parent=1147"}],"curies":[{"name":"wp","href":"https:\/\/api.w.org\/{rel}","templated":true}]}}