{"id":1146,"date":"2017-02-27T19:51:10","date_gmt":"2017-02-27T18:51:10","guid":{"rendered":"http:\/\/lakossag.kaposvar\/?page_id=1146"},"modified":"2025-10-21T09:11:10","modified_gmt":"2025-10-21T08:11:10","slug":"kaposvari-szocialis-kozpont","status":"publish","type":"page","link":"https:\/\/otthon.kaposvar.hu\/hu\/lakossagi-informaciok\/szocialis-ugyek\/kaposvari-szocialis-kozpont\/","title":{"rendered":"Kaposv\u00e1ri Szoci\u00e1lis K\u00f6zpont"},"content":{"rendered":"<p><\/p>\n<h2 class=\"kv-page-content-title\">Kaposv\u00e1ri Szoci\u00e1lis K\u00f6zpont<\/h2>\n<h4 class=\"kv-page-content-paragraphtitle\">Igazgat\u00f3: Turn\u00e1r J\u00e1nosn\u00e9<\/h4>\n<div class=\"kv-page-content-paragraphtitle kv-page-margin-05\">\u00a0<\/div>\n<p class=\"kv-page-content-paragraph\">7400 Kaposv\u00e1r, B\u00e9ke utca 47.<br \/>\nTelefon: +36 (82) 424 985, +36 (82) 412 594<br \/>\nFax: +36 (82) 412 594<br \/>\nE-mail: kozpont@szocgondkaposvar.hu<\/p>\n<p class=\"kv-page-content-paragraph\">\u00dcgyf\u00e9lfogad\u00e1s: h\u00e9tf\u0151t\u0151l p\u00e9ntekig 8.00\u201315.30, munkaid\u0151n t\u00fal \u00fczenetr\u00f6gz\u00edt\u0151 \u00e1ll rendelkez\u00e9sre.<\/p>\n<p class=\"kv-page-content-paragraph\">Szolg\u00e1ltat\u00e1saink: szoci\u00e1lis \u00e9tkeztet\u00e9s, h\u00e1zi seg\u00edts\u00e9gny\u00fajt\u00e1s, jelz\u0151rendszeres h\u00e1zi seg\u00edts\u00e9gny\u00fajt\u00e1s, id\u0151skor\u00faak nappali ell\u00e1t\u00e1sa (id\u0151sek klubjai), fogyat\u00e9kosok nappali ell\u00e1t\u00e1sa, otthon\u00e1pol\u00e1si szolg\u00e1lat, szenved\u00e9lybetegek k\u00f6z\u00f6ss\u00e9gi ell\u00e1t\u00e1sa, pszichi\u00e1triai betegek k\u00f6z\u00f6ss\u00e9gi ell\u00e1t\u00e1sa.<\/p>\n<div class=\"kv-page-margin-05\">\u00a0<\/div>\n<h3 class=\"kv-page-content-subtitle\">Szervezeti egys\u00e9gek<\/h3>\n<h4 class=\"kv-page-content-paragraphtitle\">K\u00f6z\u00f6ss\u00e9gi Ell\u00e1t\u00e1sok Munkacsoport<\/h4>\n<p class=\"kv-page-content-paragraph\">7400 Kaposv\u00e1r, B\u00e9ke utca 47.<br \/>\n\u00dcgyf\u00e9lfogad\u00e1s: h\u00e9tf\u0151t\u0151l cs\u00fct\u00f6rt\u00f6kig 8.00\u201316.00<br \/>\nTelefon: +36 (82) 424 985<\/p>\n<div class=\"kv-page-margin-05\">\u00a0<\/div>\n<h4 class=\"kv-page-content-paragraphtitle\">Id\u0151sek klubjai<\/h4>\n<p class=\"kv-page-content-paragraph\">Kaposv\u00e1r, Pet\u0151fi utca 18. (Nyitvatart\u00e1s: h\u00e9tk\u00f6znap 8.00\u201316.00)<br \/>\nKaposv\u00e1r, Szigetv\u00e1ri utca 7. (Nyitvatart\u00e1s: h\u00e9tk\u00f6znap 8.00\u201316.00)<br \/>\nKaposv\u00e1r, Topon\u00e1r, Orci utca 1. (Nyitvatart\u00e1s: h\u00e9tk\u00f6znap 8.00\u201316.00)<br \/>\nKaposv\u00e1r, Vak Botty\u00e1n utca 1. (Nyitvatart\u00e1s h\u00e9tk\u00f6znap 8.00\u201316.00)<br \/>\nS\u00e1ntos, F\u0151 utca 112. (Nyitvatart\u00e1s: h\u00e9tk\u00f6znap 9.00\u201315.00)<\/p>\n<div class=\"kv-page-margin-1\">\u00a0<\/div>\n<h2 class=\"kv-page-content-title\">Kaposv\u00e1ri Szoci\u00e1lis K\u00f6zpont<br \/>\nLiget Id\u0151skor\u00faak Otthona<\/h2>\n<h4 class=\"kv-page-content-paragraphtitle\">Szakmai vezet\u0151: Lelovicsn\u00e9 T\u00f3th \u00c9va<\/h4>\n<div class=\"kv-page-content-paragraphtitle kv-page-margin-05\">\u00a0<\/div>\n<p class=\"kv-page-content-paragraph\">7400 Kaposv\u00e1r, Vak Botty\u00e1n utca 1.<br \/>\nTelefon: +36 (82) 321 973, +36 (82) 510 042<br \/>\nFax: +36 (82) 413 394<br \/>\nE-mail: liget02@t-online.hu<\/p>\n<p class=\"kv-page-content-paragraph\">\u00dcgyf\u00e9lfogad\u00e1s: h\u00e9tf\u0151t\u0151l cs\u00fct\u00f6rt\u00f6kig: 9.00\u201314.00<\/p>\n<p class=\"kv-page-content-paragraph\">\u00c1pol\u00e1st, gondoz\u00e1st ny\u00fajt\u00f3 bentlak\u00e1sos int\u00e9zm\u00e9ny \u00e9s id\u0151sek nappali ell\u00e1t\u00e1s\u00e1t ny\u00fajt\u00f3 id\u0151sek klubja. F\u00e9r\u0151helyek sz\u00e1ma: 60 f\u0151 bentlak\u00e1sos + 20 f\u0151 nappali ell\u00e1t\u00e1sa.<\/p>\n<p class=\"kv-page-content-paragraph\">Az int\u00e9zm\u00e9ny biztos\u00edtja az olyan nyugd\u00edjas vagy a nyugd\u00edjkorhat\u00e1rt bet\u00f6lt\u00f6tt szem\u00e9lyek \u00e1pol\u00e1s\u00e1t, gondoz\u00e1s\u00e1t, akiknek eg\u00e9szs\u00e9gi \u00e1llapota rendszeres gy\u00f3gyint\u00e9zeti kezel\u00e9st nem ig\u00e9nyel, de akik \u00f6nmaguk ell\u00e1t\u00e1s\u00e1ra nem vagy csak r\u00e9szben k\u00e9pesek, valamint akiknek n\u00e9gy \u00f3r\u00e1t meghalad\u00f3 a gondoz\u00e1si sz\u00fcks\u00e9glete. A Liget Id\u0151skor\u00faak Otthon\u00e1ba t\u00f6rt\u00e9n\u0151 elhelyez\u00e9sre ir\u00e1nyul\u00f3 k\u00e9relmeket az int\u00e9zm\u00e9ny igazgat\u00f3j\u00e1hoz kell beny\u00fajtani.<\/p>\n<div class=\"kv-page-margin-1\">\u00a0<\/div>\n<h2 class=\"kv-page-content-title\">Kaposv\u00e1ri Szoci\u00e1lis K\u00f6zpont<br \/>\nGy\u00f6ngyfa Napk\u00f6zi Otthon<\/h2>\n<h4 class=\"kv-page-content-paragraphtitle\">Nappaliell\u00e1t\u00e1s-vezet\u0151: S\u00e1ndor Ildik\u00f3<\/h4>\n<div class=\"kv-page-content-paragraphtitle kv-page-content-paragraph kv-page-margin-05\">\u00a0<\/div>\n<p class=\"kv-page-content-paragraph\">7400 Kaposv\u00e1r, Rippl-R\u00f3nai utca 11.<br \/>\nTelefon\/fax: +36 (82) 424 292<br \/>\nE-mail: sandorildiko@kapos-net.hu<\/p>\n<p class=\"kv-page-content-paragraph\">\u00dcgyf\u00e9lfogad\u00e1s: h\u00e9tf\u0151\u2013p\u00e9ntek 7.00\u201317.00 \u00f3r\u00e1ig<\/p>\n<p class=\"kv-page-content-paragraph\">Az int\u00e9zm\u00e9ny 1988. febru\u00e1r 8-\u00e1n kezdte meg m\u0171k\u00f6d\u00e9s\u00e9t. Alaptev\u00e9kenys\u00e9ge: szem\u00e9lyes gondoskod\u00e1st ny\u00fajt, fogyat\u00e9kos szem\u00e9lyek nappali int\u00e9zm\u00e9nye 34 f\u00e9r\u0151hellyel. Felv\u00e9telt nyerhet az a kaposv\u00e1ri lakos, aki a tank\u00f6teles korb\u00f3l kiker\u00fclt, \u00f6nmag\u00e1ra \u00e9s t\u00e1rsaira vesz\u00e9lyeztet\u0151 magatart\u00e1st nem tan\u00fas\u00edt, r\u00e9szben \u00f6nell\u00e1t\u00f3, tov\u00e1bb\u00e1 orvosi ell\u00e1t\u00e1st \u00e9s \u00e1pol\u00e1st nem ig\u00e9nyel.<\/p>\n<p class=\"kv-page-content-paragraph\">Az int\u00e9zm\u00e9ny c\u00e9lja \u00e9s feladata: \u00e9rtelmileg akad\u00e1lyozott, halmozottan s\u00e9r\u00fclt fiatalok gondoz\u00e1s\u00e1nak, k\u00e9szs\u00e9gfejleszt\u00e9s\u00e9nek, \u00f6nell\u00e1t\u00f3 \u00e9letvitelre nevel\u00e9s\u00e9nek el\u0151seg\u00edt\u00e9se. Ezen c\u00e9lok megval\u00f3s\u00edt\u00e1s\u00e1t t\u00e1mogatja az int\u00e9zm\u00e9ny \u00f6n\u00e1ll\u00f3 alap\u00edtv\u00e1nya, a Kaposv\u00e1ri Fogyat\u00e9kos Fiatalok Teljes \u00c9let\u00e9rt Alap\u00edtv\u00e1ny is.<\/p>\n<p class=\"kv-page-content-paragraph\">A s\u00e9r\u00fclt fiatalok itt akt\u00edvan t\u00f6lthetik el napjaikat. Int\u00e9zm\u00e9nyen k\u00edv\u00fcl szervezett kultur\u00e1lis fesztiv\u00e1lokon, versenyeken, kir\u00e1ndul\u00e1sokon vehetnek r\u00e9szt. Az int\u00e9zm\u00e9nyen bel\u00fcl lehet\u0151s\u00e9g van k\u00e9pess\u00e9geiknek megfelel\u0151 munkav\u00e9gz\u00e9sre is. 1995 \u00f3ta tankonyha \u00e1ll a fiatalok rendelkez\u00e9s\u00e9re, ahol m\u00f3djukban \u00e1ll az alapvet\u0151 konyhatechnikai m\u0171veletek elsaj\u00e1t\u00edt\u00e1sa, megismerkedhetnek a konyhai kisg\u00e9pek biztons\u00e1gos haszn\u00e1lat\u00e1val is. 1996 december\u00e9t\u0151l a megfelel\u0151 felszerelts\u00e9g\u0171 tornaszob\u00e1ban a mozg\u00e1sfejleszt\u00e9s mellett az eg\u00e9szs\u00e9ges \u00e9letm\u00f3d kialak\u00edt\u00e1sa is c\u00e9l.<\/p>\n<p class=\"kv-page-content-paragraph\">A k\u00e9pess\u00e9gek \u00e9s k\u00e9szs\u00e9gek fejl\u0151d\u00e9s\u00e9t egy\u00e9ni fejleszt\u0151 \u00e9s csoportfoglalkoz\u00e1sok seg\u00edtik, ahol kiemelt szerep jut a besz\u00e9d \u00e9s kommunik\u00e1ci\u00f3 fejleszt\u00e9s\u00e9nek. A fejleszt\u0151 foglalkoz\u00e1sokon bel\u00fcl megismerkedhetnek k\u00fcl\u00f6nf\u00e9le k\u00e9zm\u0171ves technik\u00e1kkal. T\u00f6bbf\u00e9le szabadid\u0151s tev\u00e9kenys\u00e9g k\u00f6z\u00fcl v\u00e1laszthatnak. Seg\u00edts\u00e9get kapnak egy\u00e9ni kezdem\u00e9nyez\u00e9seik \u00e9s elk\u00e9pzel\u00e9seik megval\u00f3s\u00edt\u00e1s\u00e1hoz. A 2007-ben kialak\u00edtott zeneter\u00e1pi\u00e1s szoba tov\u00e1bbi fejl\u0151d\u00e9si lehet\u0151s\u00e9get biztos\u00edt a fiatalok sz\u00e1m\u00e1ra.<\/p>\n<p class=\"kv-page-content-paragraph\">A napk\u00f6zi \u00e9s az alap\u00edtv\u00e1ny munkat\u00e1rsainak hitvall\u00e1sa: nem az a legfontosabb, hogy a fiatalok \u00e9rtelmi k\u00e9pess\u00e9gei alacsonyabbak az \u00e1tlagn\u00e1l, hanem az, hogy embert\u00e1rsi kapcsolataikban kiegyens\u00falyozott, teljes \u00e9letet \u00e9ljenek.<\/p>\n<p class=\"kv-page-content-paragraph\">Az alap\u00edtv\u00e1ny sz\u00e1mlasz\u00e1ma: Budapest Bank 10103214-45764825-00000009<\/p>\n<div class=\"kv-page-margin-1\">\u00a0<\/div>\n<p><\/p>","protected":false},"excerpt":{"rendered":"<p>Kaposv\u00e1ri Szoci\u00e1lis K\u00f6zpont Igazgat\u00f3: Turn\u00e1r J\u00e1nosn\u00e9 \u00a0 7400 Kaposv\u00e1r, B\u00e9ke utca 47. Telefon: +36 (82) 424 985, +36 (82) 412 594 Fax: +36 (82) 412 594 E-mail: kozpont@szocgondkaposvar.hu \u00dcgyf\u00e9lfogad\u00e1s: h\u00e9tf\u0151t\u0151l p\u00e9ntekig 8.00\u201315.30, munkaid\u0151n t\u00fal \u00fczenetr\u00f6gz\u00edt\u0151 \u00e1ll rendelkez\u00e9sre. Szolg\u00e1ltat\u00e1saink: szoci\u00e1lis \u00e9tkeztet\u00e9s, h\u00e1zi seg\u00edts\u00e9gny\u00fajt\u00e1s, jelz\u0151rendszeres h\u00e1zi seg\u00edts\u00e9gny\u00fajt\u00e1s, id\u0151skor\u00faak nappali ell\u00e1t\u00e1sa (id\u0151sek klubjai), fogyat\u00e9kosok nappali ell\u00e1t\u00e1sa, otthon\u00e1pol\u00e1si szolg\u00e1lat, [&hellip;]<\/p>\n","protected":false},"author":1,"featured_media":0,"parent":237,"menu_order":0,"comment_status":"closed","ping_status":"closed","template":"","meta":[],"acf":[],"yoast_head":"<!-- This site is optimized with the Yoast SEO plugin v19.8 - https:\/\/yoast.com\/wordpress\/plugins\/seo\/ -->\n<title>Kaposv\u00e1ri Szoci\u00e1lis K\u00f6zpont - Kaposv\u00e1r Megyei Jog\u00fa V\u00e1ros<\/title>\n<meta name=\"robots\" content=\"index, follow, max-snippet:-1, max-image-preview:large, max-video-preview:-1\" \/>\n<link rel=\"canonical\" href=\"https:\/\/otthon.kaposvar.hu\/hu\/lakossagi-informaciok\/szocialis-ugyek\/kaposvari-szocialis-kozpont\/\" \/>\n<meta property=\"og:locale\" content=\"hu_HU\" \/>\n<meta property=\"og:type\" content=\"article\" \/>\n<meta property=\"og:title\" content=\"Kaposv\u00e1ri Szoci\u00e1lis K\u00f6zpont - Kaposv\u00e1r Megyei Jog\u00fa V\u00e1ros\" \/>\n<meta property=\"og:description\" content=\"Kaposv\u00e1ri Szoci\u00e1lis K\u00f6zpont Igazgat\u00f3: Turn\u00e1r J\u00e1nosn\u00e9 \u00a0 7400 Kaposv\u00e1r, B\u00e9ke utca 47. Telefon: +36 (82) 424 985, +36 (82) 412 594 Fax: +36 (82) 412 594 E-mail: kozpont@szocgondkaposvar.hu \u00dcgyf\u00e9lfogad\u00e1s: h\u00e9tf\u0151t\u0151l p\u00e9ntekig 8.00\u201315.30, munkaid\u0151n t\u00fal \u00fczenetr\u00f6gz\u00edt\u0151 \u00e1ll rendelkez\u00e9sre. Szolg\u00e1ltat\u00e1saink: szoci\u00e1lis \u00e9tkeztet\u00e9s, h\u00e1zi seg\u00edts\u00e9gny\u00fajt\u00e1s, jelz\u0151rendszeres h\u00e1zi seg\u00edts\u00e9gny\u00fajt\u00e1s, id\u0151skor\u00faak nappali ell\u00e1t\u00e1sa (id\u0151sek klubjai), fogyat\u00e9kosok nappali ell\u00e1t\u00e1sa, otthon\u00e1pol\u00e1si szolg\u00e1lat, [&hellip;]\" \/>\n<meta property=\"og:url\" content=\"https:\/\/otthon.kaposvar.hu\/hu\/lakossagi-informaciok\/szocialis-ugyek\/kaposvari-szocialis-kozpont\/\" \/>\n<meta property=\"og:site_name\" content=\"Kaposv\u00e1r Megyei Jog\u00fa V\u00e1ros\" \/>\n<meta property=\"article:publisher\" content=\"https:\/\/www.facebook.com\/cityofkaposvar\/\" \/>\n<meta property=\"article:modified_time\" content=\"2025-10-21T08:11:10+00:00\" \/>\n<meta property=\"og:image\" content=\"https:\/\/otthon.kaposvar.hu\/wp-content\/uploads\/2021\/10\/kaposvar_social.jpg\" \/>\n\t<meta property=\"og:image:width\" content=\"1200\" \/>\n\t<meta property=\"og:image:height\" content=\"900\" \/>\n\t<meta property=\"og:image:type\" content=\"image\/jpeg\" \/>\n<meta name=\"twitter:card\" content=\"summary_large_image\" \/>\n<meta name=\"twitter:label1\" content=\"Becs\u00fclt olvas\u00e1si id\u0151\" \/>\n\t<meta name=\"twitter:data1\" content=\"4 perc\" \/>\n<script type=\"application\/ld+json\" class=\"yoast-schema-graph\">{\"@context\":\"https:\/\/schema.org\",\"@graph\":[{\"@type\":\"WebPage\",\"@id\":\"https:\/\/otthon.kaposvar.hu\/hu\/lakossagi-informaciok\/szocialis-ugyek\/kaposvari-szocialis-kozpont\/\",\"url\":\"https:\/\/otthon.kaposvar.hu\/hu\/lakossagi-informaciok\/szocialis-ugyek\/kaposvari-szocialis-kozpont\/\",\"name\":\"Kaposv\u00e1ri Szoci\u00e1lis K\u00f6zpont - Kaposv\u00e1r Megyei Jog\u00fa V\u00e1ros\",\"isPartOf\":{\"@id\":\"https:\/\/otthon.kaposvar.hu\/hu\/#website\"},\"datePublished\":\"2017-02-27T18:51:10+00:00\",\"dateModified\":\"2025-10-21T08:11:10+00:00\",\"breadcrumb\":{\"@id\":\"https:\/\/otthon.kaposvar.hu\/hu\/lakossagi-informaciok\/szocialis-ugyek\/kaposvari-szocialis-kozpont\/#breadcrumb\"},\"inLanguage\":\"hu\",\"potentialAction\":[{\"@type\":\"ReadAction\",\"target\":[[\"https:\/\/otthon.kaposvar.hu\/hu\/lakossagi-informaciok\/szocialis-ugyek\/kaposvari-szocialis-kozpont\/\"]]}]},{\"@type\":\"BreadcrumbList\",\"@id\":\"https:\/\/otthon.kaposvar.hu\/hu\/lakossagi-informaciok\/szocialis-ugyek\/kaposvari-szocialis-kozpont\/#breadcrumb\",\"itemListElement\":[{\"@type\":\"ListItem\",\"position\":1,\"name\":\"Home\",\"item\":\"https:\/\/otthon.kaposvar.hu\/hu\/\"},{\"@type\":\"ListItem\",\"position\":2,\"name\":\"Lakoss\u00e1gi inform\u00e1ci\u00f3k\",\"item\":\"https:\/\/otthon.kaposvar.hu\/hu\/lakossagi-informaciok\/\"},{\"@type\":\"ListItem\",\"position\":3,\"name\":\"Szoci\u00e1lis \u00fcgyek\",\"item\":\"https:\/\/otthon.kaposvar.hu\/hu\/lakossagi-informaciok\/szocialis-ugyek\/\"},{\"@type\":\"ListItem\",\"position\":4,\"name\":\"Kaposv\u00e1ri Szoci\u00e1lis K\u00f6zpont\"}]},{\"@type\":\"WebSite\",\"@id\":\"https:\/\/otthon.kaposvar.hu\/hu\/#website\",\"url\":\"https:\/\/otthon.kaposvar.hu\/hu\/\",\"name\":\"Kaposv\u00e1r Megyei Jog\u00fa V\u00e1ros\",\"description\":\"\",\"publisher\":{\"@id\":\"https:\/\/otthon.kaposvar.hu\/hu\/#organization\"},\"potentialAction\":[{\"@type\":\"SearchAction\",\"target\":{\"@type\":\"EntryPoint\",\"urlTemplate\":\"https:\/\/otthon.kaposvar.hu\/hu\/?s={search_term_string}\"},\"query-input\":\"required name=search_term_string\"}],\"inLanguage\":\"hu\"},{\"@type\":\"Organization\",\"@id\":\"https:\/\/otthon.kaposvar.hu\/hu\/#organization\",\"name\":\"Kaposv\u00e1r Megyei Jog\u00fa V\u00e1ros\",\"url\":\"https:\/\/otthon.kaposvar.hu\/hu\/\",\"sameAs\":[\"https:\/\/www.instagram.com\/cityofkaposvar\/\",\"https:\/\/www.facebook.com\/cityofkaposvar\/\"],\"logo\":{\"@type\":\"ImageObject\",\"inLanguage\":\"hu\",\"@id\":\"https:\/\/otthon.kaposvar.hu\/hu\/#\/schema\/logo\/image\/\",\"url\":\"https:\/\/otthon.kaposvar.hu\/wp-content\/uploads\/2021\/10\/kaposvar_social.jpg\",\"contentUrl\":\"https:\/\/otthon.kaposvar.hu\/wp-content\/uploads\/2021\/10\/kaposvar_social.jpg\",\"width\":1200,\"height\":900,\"caption\":\"Kaposv\u00e1r Megyei Jog\u00fa V\u00e1ros\"},\"image\":{\"@id\":\"https:\/\/otthon.kaposvar.hu\/hu\/#\/schema\/logo\/image\/\"}}]}<\/script>\n<!-- \/ Yoast SEO plugin. -->","yoast_head_json":{"title":"Kaposv\u00e1ri Szoci\u00e1lis K\u00f6zpont - Kaposv\u00e1r Megyei Jog\u00fa V\u00e1ros","robots":{"index":"index","follow":"follow","max-snippet":"max-snippet:-1","max-image-preview":"max-image-preview:large","max-video-preview":"max-video-preview:-1"},"canonical":"https:\/\/otthon.kaposvar.hu\/hu\/lakossagi-informaciok\/szocialis-ugyek\/kaposvari-szocialis-kozpont\/","og_locale":"hu_HU","og_type":"article","og_title":"Kaposv\u00e1ri Szoci\u00e1lis K\u00f6zpont - Kaposv\u00e1r Megyei Jog\u00fa V\u00e1ros","og_description":"Kaposv\u00e1ri Szoci\u00e1lis K\u00f6zpont Igazgat\u00f3: Turn\u00e1r J\u00e1nosn\u00e9 \u00a0 7400 Kaposv\u00e1r, B\u00e9ke utca 47. Telefon: +36 (82) 424 985, +36 (82) 412 594 Fax: +36 (82) 412 594 E-mail: kozpont@szocgondkaposvar.hu \u00dcgyf\u00e9lfogad\u00e1s: h\u00e9tf\u0151t\u0151l p\u00e9ntekig 8.00\u201315.30, munkaid\u0151n t\u00fal \u00fczenetr\u00f6gz\u00edt\u0151 \u00e1ll rendelkez\u00e9sre. Szolg\u00e1ltat\u00e1saink: szoci\u00e1lis \u00e9tkeztet\u00e9s, h\u00e1zi seg\u00edts\u00e9gny\u00fajt\u00e1s, jelz\u0151rendszeres h\u00e1zi seg\u00edts\u00e9gny\u00fajt\u00e1s, id\u0151skor\u00faak nappali ell\u00e1t\u00e1sa (id\u0151sek klubjai), fogyat\u00e9kosok nappali ell\u00e1t\u00e1sa, otthon\u00e1pol\u00e1si szolg\u00e1lat, [&hellip;]","og_url":"https:\/\/otthon.kaposvar.hu\/hu\/lakossagi-informaciok\/szocialis-ugyek\/kaposvari-szocialis-kozpont\/","og_site_name":"Kaposv\u00e1r Megyei Jog\u00fa V\u00e1ros","article_publisher":"https:\/\/www.facebook.com\/cityofkaposvar\/","article_modified_time":"2025-10-21T08:11:10+00:00","og_image":[{"width":1200,"height":900,"url":"https:\/\/otthon.kaposvar.hu\/wp-content\/uploads\/2021\/10\/kaposvar_social.jpg","type":"image\/jpeg"}],"twitter_card":"summary_large_image","twitter_misc":{"Becs\u00fclt olvas\u00e1si id\u0151":"4 perc"},"schema":{"@context":"https:\/\/schema.org","@graph":[{"@type":"WebPage","@id":"https:\/\/otthon.kaposvar.hu\/hu\/lakossagi-informaciok\/szocialis-ugyek\/kaposvari-szocialis-kozpont\/","url":"https:\/\/otthon.kaposvar.hu\/hu\/lakossagi-informaciok\/szocialis-ugyek\/kaposvari-szocialis-kozpont\/","name":"Kaposv\u00e1ri Szoci\u00e1lis K\u00f6zpont - Kaposv\u00e1r Megyei Jog\u00fa V\u00e1ros","isPartOf":{"@id":"https:\/\/otthon.kaposvar.hu\/hu\/#website"},"datePublished":"2017-02-27T18:51:10+00:00","dateModified":"2025-10-21T08:11:10+00:00","breadcrumb":{"@id":"https:\/\/otthon.kaposvar.hu\/hu\/lakossagi-informaciok\/szocialis-ugyek\/kaposvari-szocialis-kozpont\/#breadcrumb"},"inLanguage":"hu","potentialAction":[{"@type":"ReadAction","target":[["https:\/\/otthon.kaposvar.hu\/hu\/lakossagi-informaciok\/szocialis-ugyek\/kaposvari-szocialis-kozpont\/"]]}]},{"@type":"BreadcrumbList","@id":"https:\/\/otthon.kaposvar.hu\/hu\/lakossagi-informaciok\/szocialis-ugyek\/kaposvari-szocialis-kozpont\/#breadcrumb","itemListElement":[{"@type":"ListItem","position":1,"name":"Home","item":"https:\/\/otthon.kaposvar.hu\/hu\/"},{"@type":"ListItem","position":2,"name":"Lakoss\u00e1gi inform\u00e1ci\u00f3k","item":"https:\/\/otthon.kaposvar.hu\/hu\/lakossagi-informaciok\/"},{"@type":"ListItem","position":3,"name":"Szoci\u00e1lis \u00fcgyek","item":"https:\/\/otthon.kaposvar.hu\/hu\/lakossagi-informaciok\/szocialis-ugyek\/"},{"@type":"ListItem","position":4,"name":"Kaposv\u00e1ri Szoci\u00e1lis K\u00f6zpont"}]},{"@type":"WebSite","@id":"https:\/\/otthon.kaposvar.hu\/hu\/#website","url":"https:\/\/otthon.kaposvar.hu\/hu\/","name":"Kaposv\u00e1r Megyei Jog\u00fa V\u00e1ros","description":"","publisher":{"@id":"https:\/\/otthon.kaposvar.hu\/hu\/#organization"},"potentialAction":[{"@type":"SearchAction","target":{"@type":"EntryPoint","urlTemplate":"https:\/\/otthon.kaposvar.hu\/hu\/?s={search_term_string}"},"query-input":"required name=search_term_string"}],"inLanguage":"hu"},{"@type":"Organization","@id":"https:\/\/otthon.kaposvar.hu\/hu\/#organization","name":"Kaposv\u00e1r Megyei Jog\u00fa V\u00e1ros","url":"https:\/\/otthon.kaposvar.hu\/hu\/","sameAs":["https:\/\/www.instagram.com\/cityofkaposvar\/","https:\/\/www.facebook.com\/cityofkaposvar\/"],"logo":{"@type":"ImageObject","inLanguage":"hu","@id":"https:\/\/otthon.kaposvar.hu\/hu\/#\/schema\/logo\/image\/","url":"https:\/\/otthon.kaposvar.hu\/wp-content\/uploads\/2021\/10\/kaposvar_social.jpg","contentUrl":"https:\/\/otthon.kaposvar.hu\/wp-content\/uploads\/2021\/10\/kaposvar_social.jpg","width":1200,"height":900,"caption":"Kaposv\u00e1r Megyei Jog\u00fa V\u00e1ros"},"image":{"@id":"https:\/\/otthon.kaposvar.hu\/hu\/#\/schema\/logo\/image\/"}}]}},"_links":{"self":[{"href":"https:\/\/otthon.kaposvar.hu\/hu\/wp-json\/wp\/v2\/pages\/1146"}],"collection":[{"href":"https:\/\/otthon.kaposvar.hu\/hu\/wp-json\/wp\/v2\/pages"}],"about":[{"href":"https:\/\/otthon.kaposvar.hu\/hu\/wp-json\/wp\/v2\/types\/page"}],"author":[{"embeddable":true,"href":"https:\/\/otthon.kaposvar.hu\/hu\/wp-json\/wp\/v2\/users\/1"}],"replies":[{"embeddable":true,"href":"https:\/\/otthon.kaposvar.hu\/hu\/wp-json\/wp\/v2\/comments?post=1146"}],"version-history":[{"count":0,"href":"https:\/\/otthon.kaposvar.hu\/hu\/wp-json\/wp\/v2\/pages\/1146\/revisions"}],"up":[{"embeddable":true,"href":"https:\/\/otthon.kaposvar.hu\/hu\/wp-json\/wp\/v2\/pages\/237"}],"wp:attachment":[{"href":"https:\/\/otthon.kaposvar.hu\/hu\/wp-json\/wp\/v2\/media?parent=1146"}],"curies":[{"name":"wp","href":"https:\/\/api.w.org\/{rel}","templated":true}]}}