{"id":1143,"date":"2017-02-27T19:49:43","date_gmt":"2017-02-27T18:49:43","guid":{"rendered":"http:\/\/lakossag.kaposvar\/?page_id=1143"},"modified":"2017-08-29T15:35:25","modified_gmt":"2017-08-29T14:35:25","slug":"pte-etk-kaposvari-kepzesi-kozpont","status":"publish","type":"page","link":"https:\/\/otthon.kaposvar.hu\/hu\/lakossagi-informaciok\/oktatas\/egyetemek\/pte-etk-kaposvari-kepzesi-kozpont\/","title":{"rendered":"PTE-ETK Kaposv\u00e1ri K\u00e9pz\u00e9si K\u00f6zpont"},"content":{"rendered":"<p><\/p>\n<h4 class=\"kv-page-content-paragraphtitle\">7400 Kaposv\u00e1r, Szent Imre utca 14\/b<\/h4>\n<p class=\"kv-page-content-paragraph\">Telefon: +36 (82) 529 956<br \/>\nE-mail: <a href=\"mailto:tanulmanyi.osztaly@etk.pte.hu\">tanulmanyi.osztaly@etk.pte.hu<\/a><span class=\"_Xbe _ZWk kno-fv\"><br \/>\nHonlap: <a href=\"http:\/\/www.etk.pte.hu\/\">etk.pte.hu<\/a><br \/>\n<\/span><\/p>\n<div class=\"kv-page-margin-05\">\u00a0<\/div>\n<p class=\"kv-page-content-paragraph\">A P\u00e9csi Tudom\u00e1nyegyetem Eg\u00e9szs\u00e9gtudom\u00e1nyi Kar Kaposv\u00e1ri K\u00e9pz\u00e9si K\u00f6zpontj\u00e1ban 1990-ben indult az oktat\u00e1s. Iskol\u00e1nk Kaposv\u00e1ron, a v\u00e1ros sz\u00edv\u00e9ben, a Szent Imre u. 14\/b sz\u00e1m alatt tal\u00e1lhat\u00f3. Az \u00e9p\u00fclet 4 + 1 szintes \u00e9s 10 167 m 2 alapter\u00fclet\u0171. Az I\u2013II. szinten az oktat\u00e1s c\u00e9lj\u00e1t szolg\u00e1l\u00f3 termek vannak.<\/p>\n<div class=\"kv-page-margin-1\">\u00a0<\/div>\n<p><\/p>","protected":false},"excerpt":{"rendered":"<p>7400 Kaposv\u00e1r, Szent Imre utca 14\/b Telefon: +36 (82) 529 956 E-mail: tanulmanyi.osztaly@etk.pte.hu Honlap: etk.pte.hu \u00a0 A P\u00e9csi Tudom\u00e1nyegyetem Eg\u00e9szs\u00e9gtudom\u00e1nyi Kar Kaposv\u00e1ri K\u00e9pz\u00e9si K\u00f6zpontj\u00e1ban 1990-ben indult az oktat\u00e1s. Iskol\u00e1nk Kaposv\u00e1ron, a v\u00e1ros sz\u00edv\u00e9ben, a Szent Imre u. 14\/b sz\u00e1m alatt tal\u00e1lhat\u00f3. Az \u00e9p\u00fclet 4 + 1 szintes \u00e9s 10 167 m 2 alapter\u00fclet\u0171. Az I\u2013II. [&hellip;]<\/p>\n","protected":false},"author":1,"featured_media":1528,"parent":233,"menu_order":0,"comment_status":"closed","ping_status":"closed","template":"","meta":[],"acf":[],"yoast_head":"<!-- This site is optimized with the Yoast SEO plugin v19.8 - https:\/\/yoast.com\/wordpress\/plugins\/seo\/ -->\n<title>PTE-ETK Kaposv\u00e1ri K\u00e9pz\u00e9si K\u00f6zpont - Kaposv\u00e1r Megyei Jog\u00fa V\u00e1ros<\/title>\n<meta name=\"robots\" content=\"index, follow, max-snippet:-1, max-image-preview:large, max-video-preview:-1\" \/>\n<link rel=\"canonical\" href=\"https:\/\/otthon.kaposvar.hu\/hu\/lakossagi-informaciok\/oktatas\/egyetemek\/pte-etk-kaposvari-kepzesi-kozpont\/\" \/>\n<meta property=\"og:locale\" content=\"hu_HU\" \/>\n<meta property=\"og:type\" content=\"article\" \/>\n<meta property=\"og:title\" content=\"PTE-ETK Kaposv\u00e1ri K\u00e9pz\u00e9si K\u00f6zpont - Kaposv\u00e1r Megyei Jog\u00fa V\u00e1ros\" \/>\n<meta property=\"og:description\" content=\"7400 Kaposv\u00e1r, Szent Imre utca 14\/b Telefon: +36 (82) 529 956 E-mail: tanulmanyi.osztaly@etk.pte.hu Honlap: etk.pte.hu \u00a0 A P\u00e9csi Tudom\u00e1nyegyetem Eg\u00e9szs\u00e9gtudom\u00e1nyi Kar Kaposv\u00e1ri K\u00e9pz\u00e9si K\u00f6zpontj\u00e1ban 1990-ben indult az oktat\u00e1s. Iskol\u00e1nk Kaposv\u00e1ron, a v\u00e1ros sz\u00edv\u00e9ben, a Szent Imre u. 14\/b sz\u00e1m alatt tal\u00e1lhat\u00f3. Az \u00e9p\u00fclet 4 + 1 szintes \u00e9s 10 167 m 2 alapter\u00fclet\u0171. Az I\u2013II. [&hellip;]\" \/>\n<meta property=\"og:url\" content=\"https:\/\/otthon.kaposvar.hu\/hu\/lakossagi-informaciok\/oktatas\/egyetemek\/pte-etk-kaposvari-kepzesi-kozpont\/\" \/>\n<meta property=\"og:site_name\" content=\"Kaposv\u00e1r Megyei Jog\u00fa V\u00e1ros\" \/>\n<meta property=\"article:publisher\" content=\"https:\/\/www.facebook.com\/cityofkaposvar\/\" \/>\n<meta property=\"article:modified_time\" content=\"2017-08-29T14:35:25+00:00\" \/>\n<meta property=\"og:image\" content=\"https:\/\/otthon.kaposvar.hu\/wp-content\/uploads\/2017\/02\/pte-etk_kaposvar_web.jpg\" \/>\n\t<meta property=\"og:image:width\" content=\"2000\" \/>\n\t<meta property=\"og:image:height\" content=\"1500\" \/>\n\t<meta property=\"og:image:type\" content=\"image\/jpeg\" \/>\n<meta name=\"twitter:card\" content=\"summary_large_image\" \/>\n<script type=\"application\/ld+json\" class=\"yoast-schema-graph\">{\"@context\":\"https:\/\/schema.org\",\"@graph\":[{\"@type\":\"WebPage\",\"@id\":\"https:\/\/otthon.kaposvar.hu\/hu\/lakossagi-informaciok\/oktatas\/egyetemek\/pte-etk-kaposvari-kepzesi-kozpont\/\",\"url\":\"https:\/\/otthon.kaposvar.hu\/hu\/lakossagi-informaciok\/oktatas\/egyetemek\/pte-etk-kaposvari-kepzesi-kozpont\/\",\"name\":\"PTE-ETK Kaposv\u00e1ri K\u00e9pz\u00e9si K\u00f6zpont - Kaposv\u00e1r Megyei Jog\u00fa V\u00e1ros\",\"isPartOf\":{\"@id\":\"https:\/\/otthon.kaposvar.hu\/hu\/#website\"},\"datePublished\":\"2017-02-27T18:49:43+00:00\",\"dateModified\":\"2017-08-29T14:35:25+00:00\",\"breadcrumb\":{\"@id\":\"https:\/\/otthon.kaposvar.hu\/hu\/lakossagi-informaciok\/oktatas\/egyetemek\/pte-etk-kaposvari-kepzesi-kozpont\/#breadcrumb\"},\"inLanguage\":\"hu\",\"potentialAction\":[{\"@type\":\"ReadAction\",\"target\":[[\"https:\/\/otthon.kaposvar.hu\/hu\/lakossagi-informaciok\/oktatas\/egyetemek\/pte-etk-kaposvari-kepzesi-kozpont\/\"]]}]},{\"@type\":\"BreadcrumbList\",\"@id\":\"https:\/\/otthon.kaposvar.hu\/hu\/lakossagi-informaciok\/oktatas\/egyetemek\/pte-etk-kaposvari-kepzesi-kozpont\/#breadcrumb\",\"itemListElement\":[{\"@type\":\"ListItem\",\"position\":1,\"name\":\"Home\",\"item\":\"https:\/\/otthon.kaposvar.hu\/hu\/\"},{\"@type\":\"ListItem\",\"position\":2,\"name\":\"Lakoss\u00e1gi inform\u00e1ci\u00f3k\",\"item\":\"https:\/\/otthon.kaposvar.hu\/hu\/lakossagi-informaciok\/\"},{\"@type\":\"ListItem\",\"position\":3,\"name\":\"Oktat\u00e1s\",\"item\":\"https:\/\/otthon.kaposvar.hu\/hu\/lakossagi-informaciok\/oktatas\/\"},{\"@type\":\"ListItem\",\"position\":4,\"name\":\"Egyetemek\",\"item\":\"https:\/\/otthon.kaposvar.hu\/hu\/lakossagi-informaciok\/oktatas\/egyetemek\/\"},{\"@type\":\"ListItem\",\"position\":5,\"name\":\"PTE-ETK Kaposv\u00e1ri K\u00e9pz\u00e9si K\u00f6zpont\"}]},{\"@type\":\"WebSite\",\"@id\":\"https:\/\/otthon.kaposvar.hu\/hu\/#website\",\"url\":\"https:\/\/otthon.kaposvar.hu\/hu\/\",\"name\":\"Kaposv\u00e1r Megyei Jog\u00fa V\u00e1ros\",\"description\":\"\",\"publisher\":{\"@id\":\"https:\/\/otthon.kaposvar.hu\/hu\/#organization\"},\"potentialAction\":[{\"@type\":\"SearchAction\",\"target\":{\"@type\":\"EntryPoint\",\"urlTemplate\":\"https:\/\/otthon.kaposvar.hu\/hu\/?s={search_term_string}\"},\"query-input\":\"required name=search_term_string\"}],\"inLanguage\":\"hu\"},{\"@type\":\"Organization\",\"@id\":\"https:\/\/otthon.kaposvar.hu\/hu\/#organization\",\"name\":\"Kaposv\u00e1r Megyei Jog\u00fa V\u00e1ros\",\"url\":\"https:\/\/otthon.kaposvar.hu\/hu\/\",\"sameAs\":[\"https:\/\/www.instagram.com\/cityofkaposvar\/\",\"https:\/\/www.facebook.com\/cityofkaposvar\/\"],\"logo\":{\"@type\":\"ImageObject\",\"inLanguage\":\"hu\",\"@id\":\"https:\/\/otthon.kaposvar.hu\/hu\/#\/schema\/logo\/image\/\",\"url\":\"https:\/\/otthon.kaposvar.hu\/wp-content\/uploads\/2021\/10\/kaposvar_social.jpg\",\"contentUrl\":\"https:\/\/otthon.kaposvar.hu\/wp-content\/uploads\/2021\/10\/kaposvar_social.jpg\",\"width\":1200,\"height\":900,\"caption\":\"Kaposv\u00e1r Megyei Jog\u00fa V\u00e1ros\"},\"image\":{\"@id\":\"https:\/\/otthon.kaposvar.hu\/hu\/#\/schema\/logo\/image\/\"}}]}<\/script>\n<!-- \/ Yoast SEO plugin. -->","yoast_head_json":{"title":"PTE-ETK Kaposv\u00e1ri K\u00e9pz\u00e9si K\u00f6zpont - Kaposv\u00e1r Megyei Jog\u00fa V\u00e1ros","robots":{"index":"index","follow":"follow","max-snippet":"max-snippet:-1","max-image-preview":"max-image-preview:large","max-video-preview":"max-video-preview:-1"},"canonical":"https:\/\/otthon.kaposvar.hu\/hu\/lakossagi-informaciok\/oktatas\/egyetemek\/pte-etk-kaposvari-kepzesi-kozpont\/","og_locale":"hu_HU","og_type":"article","og_title":"PTE-ETK Kaposv\u00e1ri K\u00e9pz\u00e9si K\u00f6zpont - Kaposv\u00e1r Megyei Jog\u00fa V\u00e1ros","og_description":"7400 Kaposv\u00e1r, Szent Imre utca 14\/b Telefon: +36 (82) 529 956 E-mail: tanulmanyi.osztaly@etk.pte.hu Honlap: etk.pte.hu \u00a0 A P\u00e9csi Tudom\u00e1nyegyetem Eg\u00e9szs\u00e9gtudom\u00e1nyi Kar Kaposv\u00e1ri K\u00e9pz\u00e9si K\u00f6zpontj\u00e1ban 1990-ben indult az oktat\u00e1s. Iskol\u00e1nk Kaposv\u00e1ron, a v\u00e1ros sz\u00edv\u00e9ben, a Szent Imre u. 14\/b sz\u00e1m alatt tal\u00e1lhat\u00f3. Az \u00e9p\u00fclet 4 + 1 szintes \u00e9s 10 167 m 2 alapter\u00fclet\u0171. Az I\u2013II. [&hellip;]","og_url":"https:\/\/otthon.kaposvar.hu\/hu\/lakossagi-informaciok\/oktatas\/egyetemek\/pte-etk-kaposvari-kepzesi-kozpont\/","og_site_name":"Kaposv\u00e1r Megyei Jog\u00fa V\u00e1ros","article_publisher":"https:\/\/www.facebook.com\/cityofkaposvar\/","article_modified_time":"2017-08-29T14:35:25+00:00","og_image":[{"width":2000,"height":1500,"url":"https:\/\/otthon.kaposvar.hu\/wp-content\/uploads\/2017\/02\/pte-etk_kaposvar_web.jpg","type":"image\/jpeg"}],"twitter_card":"summary_large_image","schema":{"@context":"https:\/\/schema.org","@graph":[{"@type":"WebPage","@id":"https:\/\/otthon.kaposvar.hu\/hu\/lakossagi-informaciok\/oktatas\/egyetemek\/pte-etk-kaposvari-kepzesi-kozpont\/","url":"https:\/\/otthon.kaposvar.hu\/hu\/lakossagi-informaciok\/oktatas\/egyetemek\/pte-etk-kaposvari-kepzesi-kozpont\/","name":"PTE-ETK Kaposv\u00e1ri K\u00e9pz\u00e9si K\u00f6zpont - Kaposv\u00e1r Megyei Jog\u00fa V\u00e1ros","isPartOf":{"@id":"https:\/\/otthon.kaposvar.hu\/hu\/#website"},"datePublished":"2017-02-27T18:49:43+00:00","dateModified":"2017-08-29T14:35:25+00:00","breadcrumb":{"@id":"https:\/\/otthon.kaposvar.hu\/hu\/lakossagi-informaciok\/oktatas\/egyetemek\/pte-etk-kaposvari-kepzesi-kozpont\/#breadcrumb"},"inLanguage":"hu","potentialAction":[{"@type":"ReadAction","target":[["https:\/\/otthon.kaposvar.hu\/hu\/lakossagi-informaciok\/oktatas\/egyetemek\/pte-etk-kaposvari-kepzesi-kozpont\/"]]}]},{"@type":"BreadcrumbList","@id":"https:\/\/otthon.kaposvar.hu\/hu\/lakossagi-informaciok\/oktatas\/egyetemek\/pte-etk-kaposvari-kepzesi-kozpont\/#breadcrumb","itemListElement":[{"@type":"ListItem","position":1,"name":"Home","item":"https:\/\/otthon.kaposvar.hu\/hu\/"},{"@type":"ListItem","position":2,"name":"Lakoss\u00e1gi inform\u00e1ci\u00f3k","item":"https:\/\/otthon.kaposvar.hu\/hu\/lakossagi-informaciok\/"},{"@type":"ListItem","position":3,"name":"Oktat\u00e1s","item":"https:\/\/otthon.kaposvar.hu\/hu\/lakossagi-informaciok\/oktatas\/"},{"@type":"ListItem","position":4,"name":"Egyetemek","item":"https:\/\/otthon.kaposvar.hu\/hu\/lakossagi-informaciok\/oktatas\/egyetemek\/"},{"@type":"ListItem","position":5,"name":"PTE-ETK Kaposv\u00e1ri K\u00e9pz\u00e9si K\u00f6zpont"}]},{"@type":"WebSite","@id":"https:\/\/otthon.kaposvar.hu\/hu\/#website","url":"https:\/\/otthon.kaposvar.hu\/hu\/","name":"Kaposv\u00e1r Megyei Jog\u00fa V\u00e1ros","description":"","publisher":{"@id":"https:\/\/otthon.kaposvar.hu\/hu\/#organization"},"potentialAction":[{"@type":"SearchAction","target":{"@type":"EntryPoint","urlTemplate":"https:\/\/otthon.kaposvar.hu\/hu\/?s={search_term_string}"},"query-input":"required name=search_term_string"}],"inLanguage":"hu"},{"@type":"Organization","@id":"https:\/\/otthon.kaposvar.hu\/hu\/#organization","name":"Kaposv\u00e1r Megyei Jog\u00fa V\u00e1ros","url":"https:\/\/otthon.kaposvar.hu\/hu\/","sameAs":["https:\/\/www.instagram.com\/cityofkaposvar\/","https:\/\/www.facebook.com\/cityofkaposvar\/"],"logo":{"@type":"ImageObject","inLanguage":"hu","@id":"https:\/\/otthon.kaposvar.hu\/hu\/#\/schema\/logo\/image\/","url":"https:\/\/otthon.kaposvar.hu\/wp-content\/uploads\/2021\/10\/kaposvar_social.jpg","contentUrl":"https:\/\/otthon.kaposvar.hu\/wp-content\/uploads\/2021\/10\/kaposvar_social.jpg","width":1200,"height":900,"caption":"Kaposv\u00e1r Megyei Jog\u00fa V\u00e1ros"},"image":{"@id":"https:\/\/otthon.kaposvar.hu\/hu\/#\/schema\/logo\/image\/"}}]}},"_links":{"self":[{"href":"https:\/\/otthon.kaposvar.hu\/hu\/wp-json\/wp\/v2\/pages\/1143"}],"collection":[{"href":"https:\/\/otthon.kaposvar.hu\/hu\/wp-json\/wp\/v2\/pages"}],"about":[{"href":"https:\/\/otthon.kaposvar.hu\/hu\/wp-json\/wp\/v2\/types\/page"}],"author":[{"embeddable":true,"href":"https:\/\/otthon.kaposvar.hu\/hu\/wp-json\/wp\/v2\/users\/1"}],"replies":[{"embeddable":true,"href":"https:\/\/otthon.kaposvar.hu\/hu\/wp-json\/wp\/v2\/comments?post=1143"}],"version-history":[{"count":0,"href":"https:\/\/otthon.kaposvar.hu\/hu\/wp-json\/wp\/v2\/pages\/1143\/revisions"}],"up":[{"embeddable":true,"href":"https:\/\/otthon.kaposvar.hu\/hu\/wp-json\/wp\/v2\/pages\/233"}],"wp:featuredmedia":[{"embeddable":true,"href":"https:\/\/otthon.kaposvar.hu\/hu\/wp-json\/wp\/v2\/media\/1528"}],"wp:attachment":[{"href":"https:\/\/otthon.kaposvar.hu\/hu\/wp-json\/wp\/v2\/media?parent=1143"}],"curies":[{"name":"wp","href":"https:\/\/api.w.org\/{rel}","templated":true}]}}