{"id":1142,"date":"2017-02-27T19:49:14","date_gmt":"2017-02-27T18:49:14","guid":{"rendered":"http:\/\/lakossag.kaposvar\/?page_id=1142"},"modified":"2017-08-29T17:19:34","modified_gmt":"2017-08-29T16:19:34","slug":"kaposvari-egyetem","status":"publish","type":"page","link":"https:\/\/otthon.kaposvar.hu\/hu\/lakossagi-informaciok\/oktatas\/egyetemek\/kaposvari-egyetem\/","title":{"rendered":"Kaposv\u00e1ri Egyetem"},"content":{"rendered":"<p><\/p>\n<h2 class=\"kv-page-content-title\">Az egyetem t\u00f6rt\u00e9nete<\/h2>\n<p class=\"kv-page-content-paragraph\">A magyarorsz\u00e1gi fels\u0151oktat\u00e1s szerkezet\u00e9nek \u00e1talak\u00edt\u00e1sakor az alap\u00edt\u00f3 jogel\u0151d int\u00e9zm\u00e9nyek k\u00f6lcs\u00f6n\u00f6s elhat\u00e1roz\u00e1sa alapj\u00e1n, azok integr\u00e1ci\u00f3j\u00e1val j\u00f6tt l\u00e9tre 2000. janu\u00e1r 1-j\u00e9vel a k\u00e9t kart \u00e9s k\u00e9t kutat\u00f3int\u00e9zetet befogad\u00f3 Kaposv\u00e1ri Egyetem.<\/p>\n<p class=\"kv-page-content-paragraph\">Az int\u00e9zm\u00e9ny megalap\u00edt\u00e1s\u00e1ban d\u00f6nt\u0151 szerepe volt Kaposv\u00e1r megyei jog\u00fa v\u00e1rosnak, valamint Somogy Megye \u00d6nkorm\u00e1nyzat\u00e1nak is, amelyek a jogel\u0151d int\u00e9zm\u00e9nyeket anyagilag \u00e9s erk\u00f6lcsileg messzemen\u0151en t\u00e1mogatt\u00e1k, ezzel is kifejezve azt az ig\u00e9ny\u00fcket, hogy Kaposv\u00e1ron \u00f6n\u00e1ll\u00f3 egyetem j\u00f6hessen l\u00e9tre. T\u00e1mogat\u00f3 egy\u00fcttm\u0171k\u00f6d\u00e9s\u00fck az\u00f3ta is seg\u00edts\u00e9g az egyetem m\u0171k\u00f6d\u00e9s\u00e9ben, tov\u00e1bbi fejleszt\u00e9s\u00e9ben. A Kaposv\u00e1ri Egyetem (KE) a Pannon Agr\u00e1rtudom\u00e1nyi Egyetem \u00c1llatteny\u00e9szt\u00e9si Kara (jogel\u0151dje az 1961-ben alap\u00edtott Kaposv\u00e1ri Fels\u0151fok\u00fa Mez\u0151gazdas\u00e1gi Technikum, az 1971. \u00e9vi 21. sz. t\u00f6rv\u00e9nyerej\u0171 rendelettel l\u00e9trehozott Kaposv\u00e1ri Mez\u0151gazdas\u00e1gi F\u0151iskola, tov\u00e1bb\u00e1 a 37\/1986. (VII. 31.) MF sz. rendelettel l\u00e9tes\u00edtett Pannon Agr\u00e1rtudom\u00e1nyi Egyetem \u00c1llatteny\u00e9szt\u00e9si Kar, Kaposv\u00e1r) \u00e9s a Csokonai Vit\u00e9z Mih\u00e1ly Tan\u00edt\u00f3k\u00e9pz\u0151 F\u0151iskola (jogel\u0151dje az 1951-ben megszervezett k\u00f6z\u00e9pfok\u00fa \u00e1llami tan\u00edt\u00f3k\u00e9pz\u0151, amely 1959-t\u0151l fels\u0151fok\u00fa int\u00e9zet, majd az 1974. \u00e9vi 13. sz. t\u00f6rv\u00e9nyerej\u0171 rendelettel 1975-t\u0151l Tan\u00edt\u00f3k\u00e9pz\u0151 F\u0151iskola lett), tov\u00e1bb\u00e1 az 1971-ben alap\u00edtott Takarm\u00e1nytermeszt\u00e9si Kutat\u00f3 Int\u00e9zet (Iregszemcse) \u00e9s az 1959-ben alap\u00edtott M\u0171szaki K\u00e9miai Kutat\u00f3 Int\u00e9zet (M\u00dcKKI, Veszpr\u00e9m) integr\u00e1ci\u00f3j\u00e1val alakult meg. A M\u00dcKKI a 21\/2003. (V. 26.) sz\u00e1m\u00fa egyetemi tan\u00e1csi hat\u00e1rozat alapj\u00e1n 2004. janu\u00e1r 1-j\u00e9vel kiv\u00e1lt a Kaposv\u00e1ri Egyetemb\u0151l.<\/p>\n<p class=\"kv-page-content-paragraph\">A Kaposv\u00e1ri Egyetemet alkot\u00f3 jogel\u0151d int\u00e9zm\u00e9nyek az integr\u00e1ci\u00f3t megel\u0151z\u0151en az oktat\u00e1s \u00e9s kutat\u00e1s t\u00f6bb ter\u00fclet\u00e9n is sikeresen egy\u00fcttm\u0171k\u00f6dtek. A kooper\u00e1ci\u00f3 f\u0151 motiv\u00e1l\u00f3i a m\u0171velt tudom\u00e1nyter\u00fcletek egym\u00e1s sz\u00e1m\u00e1ra el\u0151ny\u00f6s komplementarit\u00e1sa, az oktat\u00f3k \u00e9s kutat\u00f3k k\u00fcl\u00f6n\u00f6sen j\u00f3 emberi \u00e9s munkakapcsolatai voltak.<\/p>\n<p class=\"kv-page-content-paragraph\">A Takarm\u00e1nytermeszt\u00e9si Kutat\u00f3 Int\u00e9zet hum\u00e1ner\u0151forr\u00e1s \u00e9s infrastruktur\u00e1lis adotts\u00e1g\u00e1val az Agr\u00e1r- \u00e9s K\u00f6rnyezettudom\u00e1nyi Karban (az \u00c1llattudom\u00e1nyi Kar jogut\u00f3dja) tal\u00e1lt megfelel\u0151 partnert, kieg\u00e9sz\u00edtve annak takarm\u00e1ny- \u00e9s egy\u00e9b n\u00f6v\u00e9nytermeszt\u00e9s-tudom\u00e1nyi h\u00e1tter\u00e9t.<br \/>\n    Az int\u00e9zm\u00e9nyi szervezetfejleszt\u00e9s eredm\u00e9nyek\u00e9nt az oktat\u00e1s, kutat\u00e1s, szaktan\u00e1csad\u00e1s \u00e9s a szolg\u00e1ltat\u00e1s tartalm\u00e1t pontosabban kifejezve az \u00c1llattudom\u00e1nyi Kar neve Agr\u00e1r- \u00e9s K\u00f6rnyezettudom\u00e1nyi Karra (a tov\u00e1bbiakban: AKK), a Csokonai Vit\u00e9z Mih\u00e1ly Tan\u00edt\u00f3k\u00e9pz\u0151 F\u0151iskola neve Csokonai Vit\u00e9z Mih\u00e1ly Pedag\u00f3giai Karra (a tov\u00e1bbiakban: PK) v\u00e1ltozott.<\/p>\n<p class=\"kv-page-content-paragraph\">A Kaposv\u00e1ri Egyetem 2000-ben k\u00e9sz\u00edtett int\u00e9zm\u00e9nyfejleszt\u00e9si terve az Oktat\u00e1si Miniszt\u00e9riumt\u00f3l \u201eA\u201d (kiv\u00e1l\u00f3) min\u0151s\u00edt\u00e9st kapott. Az int\u00e9zm\u00e9nyfejleszt\u00e9si tervben az egyetem megfogalmazta j\u00f6v\u0151k\u00e9p\u00e9t, annak kiteljes\u00edt\u00e9s\u00e9hez sz\u00fcks\u00e9ges tudom\u00e1nyter\u00fcleti k\u00e9pz\u00e9si \u00e9s kutat\u00e1si, valamint szolg\u00e1ltat\u00e1si strat\u00e9gi\u00e1j\u00e1t, \u00e9s az ehhez sz\u00fcks\u00e9ges hum\u00e1ner\u0151forr\u00e1s-fejleszt\u00e9si, infrastruktur\u00e1lis fejleszt\u00e9si koncepci\u00f3j\u00e1t. A strat\u00e9giai koncepci\u00f3t int\u00e9zm\u00e9ny\u00fcnk ez id\u00e1ig sikeresen \u00e9s id\u0151ar\u00e1nyosan megval\u00f3s\u00edtotta.<\/p>\n<p class=\"kv-page-content-paragraph\">Gazdas\u00e1gi, gy\u00f3gypedag\u00f3giai, t\u00e1rsadalomtudom\u00e1nyi, b\u00f6lcs\u00e9szeti \u00e9s m\u0171v\u00e9szeti ter\u00fcleteken sz\u00e1mos \u00faj szak alap\u00edt\u00e1si \u00e9s ind\u00edt\u00e1si dokumentuma k\u00e9sz\u00fclt el az \u00faj karok fejleszt\u00e9si koncepci\u00f3j\u00e1nak megfelel\u0151en.<\/p>\n<p class=\"kv-page-content-paragraph\">Az \u201eA&#8221; min\u0151s\u00edt\u00e9s\u0171 IFT eredm\u00e9nyek\u00e9nt az \u00e1llamilag finansz\u00edrozott beruh\u00e1z\u00e1sokkal \u00e9s sikeres hum\u00e1ner\u0151forr\u00e1s-fejleszt\u00e9ssel megteremt\u0151d\u00f6tt a felt\u00e9tele a megn\u00f6vekedett hallgat\u00f3i l\u00e9tsz\u00e1m fogad\u00e1s\u00e1nak, \u00faj szakok \u00e9s karok m\u0171k\u00f6dtet\u00e9s\u00e9nek. Elk\u00e9sz\u00fclt az \u00faj oktat\u00e1si \u00e9p\u00fcletegy\u00fcttes, hallgat\u00f3i multifunkcion\u00e1lis k\u00f6zpont, \u00faj k\u00f6zponti k\u00f6nyvt\u00e1r \u00e9s 347 f\u00e9r\u0151helyes, \u00faj, modern koll\u00e9gium.<\/p>\n<p class=\"kv-page-content-paragraph\">Az \u00faj \u00e9p\u00fcletek \u00f6sszter\u00fclete 14 502 m2. A beruh\u00e1z\u00e1sok mellett a sikeres akkredit\u00e1ci\u00f3 eredm\u00e9nyek\u00e9nt a Korm\u00e1ny 218\/2004. (VII. 9.) sz. rendelete l\u00e9trehozta a Kaposv\u00e1ri Egyetemen a Gazdas\u00e1gtudom\u00e1nyi Kart (a tov\u00e1bbiakban: GTK) \u00e9s a M\u0171v\u00e9szeti F\u0151iskolai Kart (a tov\u00e1bbiakban: MFK). Az \u00faj karok l\u00e9trej\u00f6tt\u00e9vel n\u00e9gykar\u00fa (\u00c1TK, GTK, PFK, MFK) egyetemm\u00e9 fejl\u0151d\u00f6tt int\u00e9zm\u00e9ny\u00fcnk.<\/p>\n<p class=\"kv-page-content-paragraph\">A GTK megalakul\u00e1s\u00e1val elindult int\u00e9zm\u00e9ny\u00fcnkben a k\u00f6zgazdas\u00e1gi k\u00e9pz\u00e9s. Kor\u00e1bban az Agr\u00e1r- \u00e9s K\u00f6rnyezettudom\u00e1nyi Karon (az \u00c1llattudom\u00e1nyi Kar jogut\u00f3dja) hossz\u00fa \u00e9veken \u00e1t m\u0171k\u00f6dtetett gazdas\u00e1gi agr\u00e1rm\u00e9rn\u00f6ki k\u00e9pz\u00e9s er\u0151forr\u00e1sainak tov\u00e1bbfejleszt\u00e9s\u00e9vel, a Corvinus Egyetemmel egy\u00fcttm\u0171k\u00f6dve k\u00f6zgazd\u00e1sz\u2013gazd\u00e1lkod\u00e1si alapszak indult, p\u00e9nz\u00fcgyi szakir\u00e1nyon megnyitva a lehet\u0151s\u00e9g\u00e9t annak, hogy tov\u00e1bbi gazd\u00e1lkod\u00e1si szakokkal b\u0151v\u00fclhessen a k\u00e9pz\u00e9si k\u00edn\u00e1lat.<\/p>\n<p class=\"kv-page-content-paragraph\">A M\u0171v\u00e9szeti Kar (MK) l\u00e9trej\u00f6tt\u00e9vel mer\u0151ben \u00faj k\u00e9pz\u00e9si ter\u00fclettel b\u0151v\u00fclt az int\u00e9zm\u00e9ny profilja. A rajz-, vizu\u00e1liskommunik\u00e1ci\u00f3-tan\u00e1r, a sz\u00edn\u00e9sz, a l\u00e1tv\u00e1nytervez\u0151 \u00e9s a fot\u00f3riporter\u2013k\u00e9pszerkeszt\u0151 szakok alap\u00edt\u00e1s\u00e1val \u00e9s ind\u00edt\u00e1s\u00e1val egy \u00faj vid\u00e9ki m\u0171v\u00e9szeti k\u00e9pz\u00e9si b\u00e1zishely kialakul\u00e1sa k\u00f6rvonalaz\u00f3dik.<\/p>\n<p class=\"kv-page-content-paragraph\">A Kaposv\u00e1ri Egyetem sz\u00e1m\u00e1ra is nagy kih\u00edv\u00e1st jelentett a bolognai folyamatnak megfelel\u0151 fels\u0151oktat\u00e1si k\u00e9pz\u00e9si szerkezet\u00e1talak\u00edt\u00e1s. Int\u00e9zm\u00e9ny\u00fcnk sikeresen oldotta meg ezt a feladatot, mert mindegyik kar\u00e1n a legt\u00f6bb megl\u00e9v\u0151 szak BSc\/BA szakbemeneti form\u00e1j\u00e1ra megkapta az ind\u00edt\u00e1si enged\u00e9lyt, s\u0151t \u00faj szakokkal is b\u0151v\u00edtette k\u00e9pz\u00e9si k\u00edn\u00e1lat\u00e1t.<\/p>\n<p class=\"kv-page-content-paragraph\">A Kaposv\u00e1ri Egyetemen 15 \u00e9ves m\u00faltra tekint vissza a Diagnosztikai Int\u00e9zet, mely vil\u00e1gsz\u00ednvonal\u00fa oktat\u00f3-kutat\u00f3 b\u00e1zis\u00e1val, k\u00e9pi diagnosztika alkalmaz\u00e1s\u00e1val v\u00e9gez sz\u00e9les k\u00f6r\u0171 \u00e1llattudom\u00e1nyi kutat\u00e1sokat, hum\u00e1ngy\u00f3gy\u00e1szati szolg\u00e1ltat\u00e1st, \u00e9s ezen t\u00falmen\u0151en m\u00e1s tudom\u00e1nyter\u00fcletek m\u0171vel\u00e9se is dinamikusan fejl\u0151dik (pl. talajtan, erd\u00e9szet-faipar, geol\u00f3gia, fizika, archeol\u00f3gia), kiel\u00e9g\u00edtve a sz\u00e9lesed\u0151 ig\u00e9nyeket az egy\u00fcttm\u0171k\u00f6d\u0151 partnerint\u00e9zm\u00e9nyekkel, -v\u00e1llalatokkal. Kiterjedt nemzetk\u00f6zi kapcsolatokkal rendelkez\u0151 kutat\u00f3g\u00e1rd\u00e1j\u00e1val az oktat\u00e1s, kutat\u00e1s \u00e9s hum\u00e1ndiagnosztika ter\u00fclet\u00e9n egyar\u00e1nt elismerts\u00e9get jelent vil\u00e1gszerte a Kaposv\u00e1ri Egyetemnek.<\/p>\n<p class=\"kv-page-content-paragraph\">A min\u0151s\u00e9gi hum\u00e1ner\u0151forr\u00e1s-fejleszt\u00e9s mellett a CT- \u00e9s MR-k\u00e9sz\u00fcl\u00e9kek legmodernebb berendez\u00e9seit haszn\u00e1l\u00f3 int\u00e9zet \u00faj onkoradiol\u00f3giai \u00e9p\u00fcletegy\u00fcttes meg\u00e9p\u00edt\u00e9s\u00e9vel biztos\u00edtotta az infrastrukt\u00far\u00e1t a sug\u00e1rter\u00e1pi\u00e1s kutat\u00e1sokhoz \u00e9s a hum\u00e1ngy\u00f3gy\u00e1szati szolg\u00e1ltat\u00e1shoz.<br \/>\n    A Kaposv\u00e1ri Egyetem Tan\u00e1csa 17\/2004. (IX. 22.) sz\u00e1m\u00fa hat\u00e1rozata alapj\u00e1n 2005. janu\u00e1r 1-j\u00e9vel l\u00e9trehozta az Eg\u00e9szs\u00e9gtudom\u00e1nyi Centrumot, mely r\u00e9szben \u00f6n\u00e1ll\u00f3 gazd\u00e1lkod\u00e1s\u00fa egys\u00e9gk\u00e9nt m\u0171k\u00f6dik az egyetemen bel\u00fcl.<\/p>\n<p class=\"kv-page-content-paragraph\">Int\u00e9zm\u00e9nyi strat\u00e9gi\u00e1nknak megfelel\u0151en tov\u00e1bbi, a k\u00e9pz\u00e9si, kutat\u00e1si, szaktan\u00e1csad\u00e1si \u00e9s szolg\u00e1ltat\u00e1si k\u00edn\u00e1lat b\u0151v\u00edt\u00e9s\u00e9t c\u00e9lz\u00f3 fejleszt\u00e9sek megval\u00f3s\u00edt\u00e1s\u00e1r\u00f3l d\u00f6nt\u00f6tt az Egyetemi Tan\u00e1cs, amikor elfogadta, hogy 2006. janu\u00e1r 1-j\u00e9t\u0151l az int\u00e9zm\u00e9ny integr\u00e1ns r\u00e9sze legyen a Lovasakad\u00e9mia \u00c1gazat \u00e9s a Vadgazd\u00e1lkod\u00e1si T\u00e1jk\u00f6zpont, a Kiskunf\u00e9legyh\u00e1zi G\u00edmszarvas Teny\u00e9szeti Telephellyel egy\u00fctt, amelyek a F\u00f6ldm\u0171vel\u00e9s\u00fcgyi \u00e9s Vid\u00e9kfejleszt\u00e9si Miniszt\u00e9riumt\u00f3l ker\u00fcltek vissza a Kaposv\u00e1ri Egyetemre.<\/p>\n<p class=\"kv-page-content-paragraph\">2006-ban a MAB lefolytatta a Kaposv\u00e1ri Egyetem m\u00e1sodik akkredit\u00e1ci\u00f3s \u00e9rt\u00e9kel\u00e9s\u00e9t, amely az egyetem \u201eA\u201d min\u0151s\u00edt\u00e9s\u00e9vel z\u00e1rult. Az \u00e9rt\u00e9kel\u00e9s hangs\u00falyozta az egyetem dinamikus fejl\u0151d\u00e9s\u00e9t, tev\u00e9kenys\u00e9g\u00e9nek t\u00f6bb tudom\u00e1nyter\u00fcletre t\u00f6rt\u00e9n\u0151 kisz\u00e9les\u00edt\u00e9s\u00e9t. Sikeresen val\u00f3sult meg a magas sz\u00ednvonal\u00fa oktat\u00e1s \u00e9s kutat\u00e1s infrastruktur\u00e1lis, szem\u00e9lyi \u00e9s t\u00e1rgyi felt\u00e9teleinek megteremt\u00e9se.<\/p>\n<p class=\"kv-page-content-paragraph\">Kiv\u00e1l\u00f3 technikai felt\u00e9telek mellett sikeres a karok k\u00f6z\u00f6tti egy\u00fcttm\u0171k\u00f6d\u00e9s, a line\u00e1ris oktat\u00e1si rendszerre val\u00f3 \u00e1t\u00e1ll\u00e1s m\u00e1s fels\u0151oktat\u00e1si int\u00e9zm\u00e9nyekhez viszony\u00edtva kevesebb probl\u00e9m\u00e1t vetett fel.<\/p>\n<div class=\"kv-page-margin-1\"> <\/div>\n<p><img loading=\"lazy\" class=\"alignnone size-large wp-image-1885\" src=\"https:\/\/otthon.kaposvar.hu\/wp-content\/uploads\/2017\/02\/kaposvari_egyetem_web-1024x411.jpg\" alt=\"\" width=\"1024\" height=\"411\" srcset=\"https:\/\/otthon.kaposvar.hu\/wp-content\/uploads\/2017\/02\/kaposvari_egyetem_web-1024x411.jpg 1024w, https:\/\/otthon.kaposvar.hu\/wp-content\/uploads\/2017\/02\/kaposvari_egyetem_web-300x120.jpg 300w, https:\/\/otthon.kaposvar.hu\/wp-content\/uploads\/2017\/02\/kaposvari_egyetem_web-768x308.jpg 768w, https:\/\/otthon.kaposvar.hu\/wp-content\/uploads\/2017\/02\/kaposvari_egyetem_web.jpg 1701w\" sizes=\"(max-width: 1024px) 100vw, 1024px\" \/><\/p>\n<div class=\"kv-page-margin-1\"> <\/div>\n<h2 class=\"kv-page-content-title\">Oktat\u00e1s a Kaposv\u00e1ri Egyetemen<\/h2>\n<p class=\"kv-page-content-paragraph\">A Kaposv\u00e1ri Egyetem n\u00e9gy kara tudom\u00e1nyter\u00fcleteivel \u00e9s k\u00e9pz\u00e9si szintjeivel saj\u00e1tos, sz\u00ednes oktat\u00e1si programot k\u00edn\u00e1l a jelentkez\u0151k sz\u00e1m\u00e1ra.<br \/>\n    A fels\u0151fok\u00fa szakk\u00e9pz\u00e9sek mellett az agr\u00e1r-, a m\u0171v\u00e9szeti \u00e9s m\u0171v\u00e9szetk\u00f6zvet\u00edt\u0151, a gazdas\u00e1g-, a t\u00e1rsadalom- \u00e9s a b\u00f6lcs\u00e9szettudom\u00e1nyi, valamint a pedag\u00f3gusk\u00e9pz\u00e9si ter\u00fcleteken alapk\u00e9pz\u00e9sek, mesterk\u00e9pz\u00e9sek \u00e9s szakir\u00e1ny\u00fa tov\u00e1bbk\u00e9pz\u00e9sek k\u00f6z\u00fcl v\u00e1laszthatnak az \u00e9rdekl\u0151d\u0151k. \u00cdgy a v\u00e9gzett hallgat\u00f3ink k\u00f6z\u00f6tt van t\u00f6bbek k\u00f6z\u00f6tt term\u00e9szetv\u00e9delmi m\u00e9rn\u00f6k, p\u00e9nz\u00fcgyi szakember, sz\u00ednm\u0171v\u00e9sz \u00e9s gy\u00f3gypedag\u00f3gus is. Tov\u00e1bb b\u0151v\u00edti a lehet\u0151s\u00e9geket a sportoktat\u00f3i tanfolyam \u00e9s a k\u00f6z\u00e9pfok\u00fa edz\u0151k\u00e9pz\u00e9s, amelyeket a Pannon Lovasakad\u00e9mia biztos\u00edt.<\/p>\n<p class=\"kv-page-content-paragraph\">A bolognai rendszernek megfelel\u0151en a tanulm\u00e1nyaikat a legmagasabb szinten folytatni k\u00edv\u00e1n\u00f3 hallgat\u00f3k k\u00e9t doktori iskol\u00e1ban szerezhetik meg PhD-fokozatukat.<\/p>\n<p class=\"kv-page-content-paragraph\">Az egyetem folyamatosan alkalmazkodik a munkaer\u0151piac elv\u00e1r\u00e1saihoz, \u00e9s igyekszik a hagyom\u00e1nyos \u00e9rt\u00e9kek mellett olyan \u00faj szakokat, k\u00e9pz\u00e9seket ind\u00edtani, amelyek a v\u00e9gzettek sz\u00e1m\u00e1ra piack\u00e9pes gyakorlati \u00e9s elm\u00e9leti ismereteket adnak.<\/p>\n<div class=\"kv-page-margin-1\"> <\/div>\n<h2 class=\"kv-page-content-title\">El\u00e9rhet\u0151s\u00e9gek<\/h2>\n<p class=\"kv-page-content-paragraph\">7400 Kaposv\u00e1r, Guba S\u00e1ndor utca 40. (Pf.: 16.)<br \/>\n    Telefon: +36 (82) 505 800, +36 (82) 505 900<br \/>\n    Fax: +36 (82) 505 896<br \/>\n    Honlap: www.ke.hu<\/p>\n<div class=\"kv-page-margin-15\"> <\/div>\n<p><\/p>","protected":false},"excerpt":{"rendered":"<p>Az egyetem t\u00f6rt\u00e9nete A magyarorsz\u00e1gi fels\u0151oktat\u00e1s szerkezet\u00e9nek \u00e1talak\u00edt\u00e1sakor az alap\u00edt\u00f3 jogel\u0151d int\u00e9zm\u00e9nyek k\u00f6lcs\u00f6n\u00f6s elhat\u00e1roz\u00e1sa alapj\u00e1n, azok integr\u00e1ci\u00f3j\u00e1val j\u00f6tt l\u00e9tre 2000. janu\u00e1r 1-j\u00e9vel a k\u00e9t kart \u00e9s k\u00e9t kutat\u00f3int\u00e9zetet befogad\u00f3 Kaposv\u00e1ri Egyetem. Az int\u00e9zm\u00e9ny megalap\u00edt\u00e1s\u00e1ban d\u00f6nt\u0151 szerepe volt Kaposv\u00e1r megyei jog\u00fa v\u00e1rosnak, valamint Somogy Megye \u00d6nkorm\u00e1nyzat\u00e1nak is, amelyek a jogel\u0151d int\u00e9zm\u00e9nyeket anyagilag \u00e9s erk\u00f6lcsileg messzemen\u0151en t\u00e1mogatt\u00e1k, [&hellip;]<\/p>\n","protected":false},"author":1,"featured_media":1883,"parent":233,"menu_order":0,"comment_status":"closed","ping_status":"closed","template":"","meta":[],"acf":[],"yoast_head":"<!-- This site is optimized with the Yoast SEO plugin v19.8 - https:\/\/yoast.com\/wordpress\/plugins\/seo\/ -->\n<title>Kaposv\u00e1ri Egyetem - Kaposv\u00e1r Megyei Jog\u00fa V\u00e1ros<\/title>\n<meta name=\"robots\" content=\"index, follow, max-snippet:-1, max-image-preview:large, max-video-preview:-1\" \/>\n<link rel=\"canonical\" href=\"https:\/\/otthon.kaposvar.hu\/hu\/lakossagi-informaciok\/oktatas\/egyetemek\/kaposvari-egyetem\/\" \/>\n<meta property=\"og:locale\" content=\"hu_HU\" \/>\n<meta property=\"og:type\" content=\"article\" \/>\n<meta property=\"og:title\" content=\"Kaposv\u00e1ri Egyetem - Kaposv\u00e1r Megyei Jog\u00fa V\u00e1ros\" \/>\n<meta property=\"og:description\" content=\"Az egyetem t\u00f6rt\u00e9nete A magyarorsz\u00e1gi fels\u0151oktat\u00e1s szerkezet\u00e9nek \u00e1talak\u00edt\u00e1sakor az alap\u00edt\u00f3 jogel\u0151d int\u00e9zm\u00e9nyek k\u00f6lcs\u00f6n\u00f6s elhat\u00e1roz\u00e1sa alapj\u00e1n, azok integr\u00e1ci\u00f3j\u00e1val j\u00f6tt l\u00e9tre 2000. janu\u00e1r 1-j\u00e9vel a k\u00e9t kart \u00e9s k\u00e9t kutat\u00f3int\u00e9zetet befogad\u00f3 Kaposv\u00e1ri Egyetem. Az int\u00e9zm\u00e9ny megalap\u00edt\u00e1s\u00e1ban d\u00f6nt\u0151 szerepe volt Kaposv\u00e1r megyei jog\u00fa v\u00e1rosnak, valamint Somogy Megye \u00d6nkorm\u00e1nyzat\u00e1nak is, amelyek a jogel\u0151d int\u00e9zm\u00e9nyeket anyagilag \u00e9s erk\u00f6lcsileg messzemen\u0151en t\u00e1mogatt\u00e1k, [&hellip;]\" \/>\n<meta property=\"og:url\" content=\"https:\/\/otthon.kaposvar.hu\/hu\/lakossagi-informaciok\/oktatas\/egyetemek\/kaposvari-egyetem\/\" \/>\n<meta property=\"og:site_name\" content=\"Kaposv\u00e1r Megyei Jog\u00fa V\u00e1ros\" \/>\n<meta property=\"article:publisher\" content=\"https:\/\/www.facebook.com\/cityofkaposvar\/\" \/>\n<meta property=\"article:modified_time\" content=\"2017-08-29T16:19:34+00:00\" \/>\n<meta property=\"og:image\" content=\"https:\/\/otthon.kaposvar.hu\/wp-content\/uploads\/2017\/02\/ke_legifoto_web.jpg\" \/>\n\t<meta property=\"og:image:width\" content=\"2000\" \/>\n\t<meta property=\"og:image:height\" content=\"1339\" \/>\n\t<meta property=\"og:image:type\" content=\"image\/jpeg\" \/>\n<meta name=\"twitter:card\" content=\"summary_large_image\" \/>\n<meta name=\"twitter:label1\" content=\"Becs\u00fclt olvas\u00e1si id\u0151\" \/>\n\t<meta name=\"twitter:data1\" content=\"9 perc\" \/>\n<script type=\"application\/ld+json\" class=\"yoast-schema-graph\">{\"@context\":\"https:\/\/schema.org\",\"@graph\":[{\"@type\":\"WebPage\",\"@id\":\"https:\/\/otthon.kaposvar.hu\/hu\/lakossagi-informaciok\/oktatas\/egyetemek\/kaposvari-egyetem\/\",\"url\":\"https:\/\/otthon.kaposvar.hu\/hu\/lakossagi-informaciok\/oktatas\/egyetemek\/kaposvari-egyetem\/\",\"name\":\"Kaposv\u00e1ri Egyetem - Kaposv\u00e1r Megyei Jog\u00fa V\u00e1ros\",\"isPartOf\":{\"@id\":\"https:\/\/otthon.kaposvar.hu\/hu\/#website\"},\"datePublished\":\"2017-02-27T18:49:14+00:00\",\"dateModified\":\"2017-08-29T16:19:34+00:00\",\"breadcrumb\":{\"@id\":\"https:\/\/otthon.kaposvar.hu\/hu\/lakossagi-informaciok\/oktatas\/egyetemek\/kaposvari-egyetem\/#breadcrumb\"},\"inLanguage\":\"hu\",\"potentialAction\":[{\"@type\":\"ReadAction\",\"target\":[[\"https:\/\/otthon.kaposvar.hu\/hu\/lakossagi-informaciok\/oktatas\/egyetemek\/kaposvari-egyetem\/\"]]}]},{\"@type\":\"BreadcrumbList\",\"@id\":\"https:\/\/otthon.kaposvar.hu\/hu\/lakossagi-informaciok\/oktatas\/egyetemek\/kaposvari-egyetem\/#breadcrumb\",\"itemListElement\":[{\"@type\":\"ListItem\",\"position\":1,\"name\":\"Home\",\"item\":\"https:\/\/otthon.kaposvar.hu\/hu\/\"},{\"@type\":\"ListItem\",\"position\":2,\"name\":\"Lakoss\u00e1gi inform\u00e1ci\u00f3k\",\"item\":\"https:\/\/otthon.kaposvar.hu\/hu\/lakossagi-informaciok\/\"},{\"@type\":\"ListItem\",\"position\":3,\"name\":\"Oktat\u00e1s\",\"item\":\"https:\/\/otthon.kaposvar.hu\/hu\/lakossagi-informaciok\/oktatas\/\"},{\"@type\":\"ListItem\",\"position\":4,\"name\":\"Egyetemek\",\"item\":\"https:\/\/otthon.kaposvar.hu\/hu\/lakossagi-informaciok\/oktatas\/egyetemek\/\"},{\"@type\":\"ListItem\",\"position\":5,\"name\":\"Kaposv\u00e1ri Egyetem\"}]},{\"@type\":\"WebSite\",\"@id\":\"https:\/\/otthon.kaposvar.hu\/hu\/#website\",\"url\":\"https:\/\/otthon.kaposvar.hu\/hu\/\",\"name\":\"Kaposv\u00e1r Megyei Jog\u00fa V\u00e1ros\",\"description\":\"\",\"publisher\":{\"@id\":\"https:\/\/otthon.kaposvar.hu\/hu\/#organization\"},\"potentialAction\":[{\"@type\":\"SearchAction\",\"target\":{\"@type\":\"EntryPoint\",\"urlTemplate\":\"https:\/\/otthon.kaposvar.hu\/hu\/?s={search_term_string}\"},\"query-input\":\"required name=search_term_string\"}],\"inLanguage\":\"hu\"},{\"@type\":\"Organization\",\"@id\":\"https:\/\/otthon.kaposvar.hu\/hu\/#organization\",\"name\":\"Kaposv\u00e1r Megyei Jog\u00fa V\u00e1ros\",\"url\":\"https:\/\/otthon.kaposvar.hu\/hu\/\",\"sameAs\":[\"https:\/\/www.instagram.com\/cityofkaposvar\/\",\"https:\/\/www.facebook.com\/cityofkaposvar\/\"],\"logo\":{\"@type\":\"ImageObject\",\"inLanguage\":\"hu\",\"@id\":\"https:\/\/otthon.kaposvar.hu\/hu\/#\/schema\/logo\/image\/\",\"url\":\"https:\/\/otthon.kaposvar.hu\/wp-content\/uploads\/2021\/10\/kaposvar_social.jpg\",\"contentUrl\":\"https:\/\/otthon.kaposvar.hu\/wp-content\/uploads\/2021\/10\/kaposvar_social.jpg\",\"width\":1200,\"height\":900,\"caption\":\"Kaposv\u00e1r Megyei Jog\u00fa V\u00e1ros\"},\"image\":{\"@id\":\"https:\/\/otthon.kaposvar.hu\/hu\/#\/schema\/logo\/image\/\"}}]}<\/script>\n<!-- \/ Yoast SEO plugin. -->","yoast_head_json":{"title":"Kaposv\u00e1ri Egyetem - Kaposv\u00e1r Megyei Jog\u00fa V\u00e1ros","robots":{"index":"index","follow":"follow","max-snippet":"max-snippet:-1","max-image-preview":"max-image-preview:large","max-video-preview":"max-video-preview:-1"},"canonical":"https:\/\/otthon.kaposvar.hu\/hu\/lakossagi-informaciok\/oktatas\/egyetemek\/kaposvari-egyetem\/","og_locale":"hu_HU","og_type":"article","og_title":"Kaposv\u00e1ri Egyetem - Kaposv\u00e1r Megyei Jog\u00fa V\u00e1ros","og_description":"Az egyetem t\u00f6rt\u00e9nete A magyarorsz\u00e1gi fels\u0151oktat\u00e1s szerkezet\u00e9nek \u00e1talak\u00edt\u00e1sakor az alap\u00edt\u00f3 jogel\u0151d int\u00e9zm\u00e9nyek k\u00f6lcs\u00f6n\u00f6s elhat\u00e1roz\u00e1sa alapj\u00e1n, azok integr\u00e1ci\u00f3j\u00e1val j\u00f6tt l\u00e9tre 2000. janu\u00e1r 1-j\u00e9vel a k\u00e9t kart \u00e9s k\u00e9t kutat\u00f3int\u00e9zetet befogad\u00f3 Kaposv\u00e1ri Egyetem. Az int\u00e9zm\u00e9ny megalap\u00edt\u00e1s\u00e1ban d\u00f6nt\u0151 szerepe volt Kaposv\u00e1r megyei jog\u00fa v\u00e1rosnak, valamint Somogy Megye \u00d6nkorm\u00e1nyzat\u00e1nak is, amelyek a jogel\u0151d int\u00e9zm\u00e9nyeket anyagilag \u00e9s erk\u00f6lcsileg messzemen\u0151en t\u00e1mogatt\u00e1k, [&hellip;]","og_url":"https:\/\/otthon.kaposvar.hu\/hu\/lakossagi-informaciok\/oktatas\/egyetemek\/kaposvari-egyetem\/","og_site_name":"Kaposv\u00e1r Megyei Jog\u00fa V\u00e1ros","article_publisher":"https:\/\/www.facebook.com\/cityofkaposvar\/","article_modified_time":"2017-08-29T16:19:34+00:00","og_image":[{"width":2000,"height":1339,"url":"https:\/\/otthon.kaposvar.hu\/wp-content\/uploads\/2017\/02\/ke_legifoto_web.jpg","type":"image\/jpeg"}],"twitter_card":"summary_large_image","twitter_misc":{"Becs\u00fclt olvas\u00e1si id\u0151":"9 perc"},"schema":{"@context":"https:\/\/schema.org","@graph":[{"@type":"WebPage","@id":"https:\/\/otthon.kaposvar.hu\/hu\/lakossagi-informaciok\/oktatas\/egyetemek\/kaposvari-egyetem\/","url":"https:\/\/otthon.kaposvar.hu\/hu\/lakossagi-informaciok\/oktatas\/egyetemek\/kaposvari-egyetem\/","name":"Kaposv\u00e1ri Egyetem - Kaposv\u00e1r Megyei Jog\u00fa V\u00e1ros","isPartOf":{"@id":"https:\/\/otthon.kaposvar.hu\/hu\/#website"},"datePublished":"2017-02-27T18:49:14+00:00","dateModified":"2017-08-29T16:19:34+00:00","breadcrumb":{"@id":"https:\/\/otthon.kaposvar.hu\/hu\/lakossagi-informaciok\/oktatas\/egyetemek\/kaposvari-egyetem\/#breadcrumb"},"inLanguage":"hu","potentialAction":[{"@type":"ReadAction","target":[["https:\/\/otthon.kaposvar.hu\/hu\/lakossagi-informaciok\/oktatas\/egyetemek\/kaposvari-egyetem\/"]]}]},{"@type":"BreadcrumbList","@id":"https:\/\/otthon.kaposvar.hu\/hu\/lakossagi-informaciok\/oktatas\/egyetemek\/kaposvari-egyetem\/#breadcrumb","itemListElement":[{"@type":"ListItem","position":1,"name":"Home","item":"https:\/\/otthon.kaposvar.hu\/hu\/"},{"@type":"ListItem","position":2,"name":"Lakoss\u00e1gi inform\u00e1ci\u00f3k","item":"https:\/\/otthon.kaposvar.hu\/hu\/lakossagi-informaciok\/"},{"@type":"ListItem","position":3,"name":"Oktat\u00e1s","item":"https:\/\/otthon.kaposvar.hu\/hu\/lakossagi-informaciok\/oktatas\/"},{"@type":"ListItem","position":4,"name":"Egyetemek","item":"https:\/\/otthon.kaposvar.hu\/hu\/lakossagi-informaciok\/oktatas\/egyetemek\/"},{"@type":"ListItem","position":5,"name":"Kaposv\u00e1ri Egyetem"}]},{"@type":"WebSite","@id":"https:\/\/otthon.kaposvar.hu\/hu\/#website","url":"https:\/\/otthon.kaposvar.hu\/hu\/","name":"Kaposv\u00e1r Megyei Jog\u00fa V\u00e1ros","description":"","publisher":{"@id":"https:\/\/otthon.kaposvar.hu\/hu\/#organization"},"potentialAction":[{"@type":"SearchAction","target":{"@type":"EntryPoint","urlTemplate":"https:\/\/otthon.kaposvar.hu\/hu\/?s={search_term_string}"},"query-input":"required name=search_term_string"}],"inLanguage":"hu"},{"@type":"Organization","@id":"https:\/\/otthon.kaposvar.hu\/hu\/#organization","name":"Kaposv\u00e1r Megyei Jog\u00fa V\u00e1ros","url":"https:\/\/otthon.kaposvar.hu\/hu\/","sameAs":["https:\/\/www.instagram.com\/cityofkaposvar\/","https:\/\/www.facebook.com\/cityofkaposvar\/"],"logo":{"@type":"ImageObject","inLanguage":"hu","@id":"https:\/\/otthon.kaposvar.hu\/hu\/#\/schema\/logo\/image\/","url":"https:\/\/otthon.kaposvar.hu\/wp-content\/uploads\/2021\/10\/kaposvar_social.jpg","contentUrl":"https:\/\/otthon.kaposvar.hu\/wp-content\/uploads\/2021\/10\/kaposvar_social.jpg","width":1200,"height":900,"caption":"Kaposv\u00e1r Megyei Jog\u00fa V\u00e1ros"},"image":{"@id":"https:\/\/otthon.kaposvar.hu\/hu\/#\/schema\/logo\/image\/"}}]}},"_links":{"self":[{"href":"https:\/\/otthon.kaposvar.hu\/hu\/wp-json\/wp\/v2\/pages\/1142"}],"collection":[{"href":"https:\/\/otthon.kaposvar.hu\/hu\/wp-json\/wp\/v2\/pages"}],"about":[{"href":"https:\/\/otthon.kaposvar.hu\/hu\/wp-json\/wp\/v2\/types\/page"}],"author":[{"embeddable":true,"href":"https:\/\/otthon.kaposvar.hu\/hu\/wp-json\/wp\/v2\/users\/1"}],"replies":[{"embeddable":true,"href":"https:\/\/otthon.kaposvar.hu\/hu\/wp-json\/wp\/v2\/comments?post=1142"}],"version-history":[{"count":0,"href":"https:\/\/otthon.kaposvar.hu\/hu\/wp-json\/wp\/v2\/pages\/1142\/revisions"}],"up":[{"embeddable":true,"href":"https:\/\/otthon.kaposvar.hu\/hu\/wp-json\/wp\/v2\/pages\/233"}],"wp:featuredmedia":[{"embeddable":true,"href":"https:\/\/otthon.kaposvar.hu\/hu\/wp-json\/wp\/v2\/media\/1883"}],"wp:attachment":[{"href":"https:\/\/otthon.kaposvar.hu\/hu\/wp-json\/wp\/v2\/media?parent=1142"}],"curies":[{"name":"wp","href":"https:\/\/api.w.org\/{rel}","templated":true}]}}