{"id":1875,"date":"2017-08-29T15:25:39","date_gmt":"2017-08-29T14:25:39","guid":{"rendered":"http:\/\/lakossag.gyori.co.hu\/?page_id=1875"},"modified":"2017-08-29T15:25:39","modified_gmt":"2017-08-29T14:25:39","slug":"allatorvosi-rendelok","status":"publish","type":"page","link":"https:\/\/otthon.kaposvar.hu\/en\/lakossagi-informaciok\/kisallattartas\/allatorvosi-rendelok\/","title":{"rendered":"\u00c1llatorvosi rendel\u0151k"},"content":{"rendered":"","protected":false},"excerpt":{"rendered":"","protected":false},"author":1,"featured_media":0,"parent":1873,"menu_order":0,"comment_status":"closed","ping_status":"closed","template":"","meta":[],"acf":[],"yoast_head":"<!-- This site is optimized with the Yoast SEO plugin v19.8 - https:\/\/yoast.com\/wordpress\/plugins\/seo\/ -->\n<title>\u00c1llatorvosi rendel\u0151k - Kaposv\u00e1r Megyei Jog\u00fa v\u00e1ros hivatalos weboldala<\/title>\n<meta name=\"robots\" content=\"index, follow, max-snippet:-1, max-image-preview:large, max-video-preview:-1\" \/>\n<link rel=\"canonical\" href=\"https:\/\/otthon.kaposvar.hu\/en\/lakossagi-informaciok\/kisallattartas\/allatorvosi-rendelok\/\" \/>\n<meta property=\"og:locale\" content=\"en_US\" \/>\n<meta property=\"og:type\" content=\"article\" \/>\n<meta property=\"og:title\" content=\"\u00c1llatorvosi rendel\u0151k - Kaposv\u00e1r Megyei Jog\u00fa v\u00e1ros hivatalos weboldala\" \/>\n<meta property=\"og:url\" content=\"https:\/\/otthon.kaposvar.hu\/en\/lakossagi-informaciok\/kisallattartas\/allatorvosi-rendelok\/\" \/>\n<meta property=\"og:site_name\" content=\"Kaposv\u00e1r Megyei Jog\u00fa v\u00e1ros hivatalos weboldala\" \/>\n<meta property=\"article:publisher\" content=\"https:\/\/www.facebook.com\/cityofkaposvar\/\" \/>\n<meta property=\"og:image\" content=\"https:\/\/otthon.kaposvar.hu\/wp-content\/uploads\/2021\/10\/kaposvar_social.jpg\" \/>\n\t<meta property=\"og:image:width\" content=\"1200\" \/>\n\t<meta property=\"og:image:height\" content=\"900\" \/>\n\t<meta property=\"og:image:type\" content=\"image\/jpeg\" \/>\n<meta name=\"twitter:card\" content=\"summary_large_image\" \/>\n<script type=\"application\/ld+json\" class=\"yoast-schema-graph\">{\"@context\":\"https:\/\/schema.org\",\"@graph\":[{\"@type\":\"WebPage\",\"@id\":\"https:\/\/otthon.kaposvar.hu\/en\/lakossagi-informaciok\/kisallattartas\/allatorvosi-rendelok\/\",\"url\":\"https:\/\/otthon.kaposvar.hu\/en\/lakossagi-informaciok\/kisallattartas\/allatorvosi-rendelok\/\",\"name\":\"\u00c1llatorvosi rendel\u0151k - Kaposv\u00e1r Megyei Jog\u00fa v\u00e1ros hivatalos weboldala\",\"isPartOf\":{\"@id\":\"https:\/\/otthon.kaposvar.hu\/en\/#website\"},\"datePublished\":\"2017-08-29T14:25:39+00:00\",\"dateModified\":\"2017-08-29T14:25:39+00:00\",\"breadcrumb\":{\"@id\":\"https:\/\/otthon.kaposvar.hu\/en\/lakossagi-informaciok\/kisallattartas\/allatorvosi-rendelok\/#breadcrumb\"},\"inLanguage\":\"en-US\",\"potentialAction\":[{\"@type\":\"ReadAction\",\"target\":[[\"https:\/\/otthon.kaposvar.hu\/en\/lakossagi-informaciok\/kisallattartas\/allatorvosi-rendelok\/\"]]}]},{\"@type\":\"BreadcrumbList\",\"@id\":\"https:\/\/otthon.kaposvar.hu\/en\/lakossagi-informaciok\/kisallattartas\/allatorvosi-rendelok\/#breadcrumb\",\"itemListElement\":[{\"@type\":\"ListItem\",\"position\":1,\"name\":\"Home\",\"item\":\"https:\/\/otthon.kaposvar.hu\/en\/\"},{\"@type\":\"ListItem\",\"position\":2,\"name\":\"Lakoss\u00e1gi inform\u00e1ci\u00f3k\",\"item\":\"https:\/\/otthon.kaposvar.hu\/en\/lakossagi-informaciok\/\"},{\"@type\":\"ListItem\",\"position\":3,\"name\":\"Kis\u00e1llattart\u00e1s\",\"item\":\"https:\/\/otthon.kaposvar.hu\/en\/lakossagi-informaciok\/kisallattartas\/\"},{\"@type\":\"ListItem\",\"position\":4,\"name\":\"\u00c1llatorvosi rendel\u0151k\"}]},{\"@type\":\"WebSite\",\"@id\":\"https:\/\/otthon.kaposvar.hu\/en\/#website\",\"url\":\"https:\/\/otthon.kaposvar.hu\/en\/\",\"name\":\"Kaposv\u00e1r Megyei Jog\u00fa v\u00e1ros hivatalos weboldala\",\"description\":\"\",\"publisher\":{\"@id\":\"https:\/\/otthon.kaposvar.hu\/en\/#organization\"},\"potentialAction\":[{\"@type\":\"SearchAction\",\"target\":{\"@type\":\"EntryPoint\",\"urlTemplate\":\"https:\/\/otthon.kaposvar.hu\/en\/?s={search_term_string}\"},\"query-input\":\"required name=search_term_string\"}],\"inLanguage\":\"en-US\"},{\"@type\":\"Organization\",\"@id\":\"https:\/\/otthon.kaposvar.hu\/en\/#organization\",\"name\":\"Kaposv\u00e1r Megyei Jog\u00fa V\u00e1ros\",\"url\":\"https:\/\/otthon.kaposvar.hu\/en\/\",\"sameAs\":[\"https:\/\/www.instagram.com\/cityofkaposvar\/\",\"https:\/\/www.facebook.com\/cityofkaposvar\/\"],\"logo\":{\"@type\":\"ImageObject\",\"inLanguage\":\"en-US\",\"@id\":\"https:\/\/otthon.kaposvar.hu\/en\/#\/schema\/logo\/image\/\",\"url\":\"https:\/\/otthon.kaposvar.hu\/wp-content\/uploads\/2021\/10\/kaposvar_social.jpg\",\"contentUrl\":\"https:\/\/otthon.kaposvar.hu\/wp-content\/uploads\/2021\/10\/kaposvar_social.jpg\",\"width\":1200,\"height\":900,\"caption\":\"Kaposv\u00e1r Megyei Jog\u00fa V\u00e1ros\"},\"image\":{\"@id\":\"https:\/\/otthon.kaposvar.hu\/en\/#\/schema\/logo\/image\/\"}}]}<\/script>\n<!-- \/ Yoast SEO plugin. -->","yoast_head_json":{"title":"\u00c1llatorvosi rendel\u0151k - Kaposv\u00e1r Megyei Jog\u00fa v\u00e1ros hivatalos weboldala","robots":{"index":"index","follow":"follow","max-snippet":"max-snippet:-1","max-image-preview":"max-image-preview:large","max-video-preview":"max-video-preview:-1"},"canonical":"https:\/\/otthon.kaposvar.hu\/en\/lakossagi-informaciok\/kisallattartas\/allatorvosi-rendelok\/","og_locale":"en_US","og_type":"article","og_title":"\u00c1llatorvosi rendel\u0151k - Kaposv\u00e1r Megyei Jog\u00fa v\u00e1ros hivatalos weboldala","og_url":"https:\/\/otthon.kaposvar.hu\/en\/lakossagi-informaciok\/kisallattartas\/allatorvosi-rendelok\/","og_site_name":"Kaposv\u00e1r Megyei Jog\u00fa v\u00e1ros hivatalos weboldala","article_publisher":"https:\/\/www.facebook.com\/cityofkaposvar\/","og_image":[{"width":1200,"height":900,"url":"https:\/\/otthon.kaposvar.hu\/wp-content\/uploads\/2021\/10\/kaposvar_social.jpg","type":"image\/jpeg"}],"twitter_card":"summary_large_image","schema":{"@context":"https:\/\/schema.org","@graph":[{"@type":"WebPage","@id":"https:\/\/otthon.kaposvar.hu\/en\/lakossagi-informaciok\/kisallattartas\/allatorvosi-rendelok\/","url":"https:\/\/otthon.kaposvar.hu\/en\/lakossagi-informaciok\/kisallattartas\/allatorvosi-rendelok\/","name":"\u00c1llatorvosi rendel\u0151k - Kaposv\u00e1r Megyei Jog\u00fa v\u00e1ros hivatalos weboldala","isPartOf":{"@id":"https:\/\/otthon.kaposvar.hu\/en\/#website"},"datePublished":"2017-08-29T14:25:39+00:00","dateModified":"2017-08-29T14:25:39+00:00","breadcrumb":{"@id":"https:\/\/otthon.kaposvar.hu\/en\/lakossagi-informaciok\/kisallattartas\/allatorvosi-rendelok\/#breadcrumb"},"inLanguage":"en-US","potentialAction":[{"@type":"ReadAction","target":[["https:\/\/otthon.kaposvar.hu\/en\/lakossagi-informaciok\/kisallattartas\/allatorvosi-rendelok\/"]]}]},{"@type":"BreadcrumbList","@id":"https:\/\/otthon.kaposvar.hu\/en\/lakossagi-informaciok\/kisallattartas\/allatorvosi-rendelok\/#breadcrumb","itemListElement":[{"@type":"ListItem","position":1,"name":"Home","item":"https:\/\/otthon.kaposvar.hu\/en\/"},{"@type":"ListItem","position":2,"name":"Lakoss\u00e1gi inform\u00e1ci\u00f3k","item":"https:\/\/otthon.kaposvar.hu\/en\/lakossagi-informaciok\/"},{"@type":"ListItem","position":3,"name":"Kis\u00e1llattart\u00e1s","item":"https:\/\/otthon.kaposvar.hu\/en\/lakossagi-informaciok\/kisallattartas\/"},{"@type":"ListItem","position":4,"name":"\u00c1llatorvosi rendel\u0151k"}]},{"@type":"WebSite","@id":"https:\/\/otthon.kaposvar.hu\/en\/#website","url":"https:\/\/otthon.kaposvar.hu\/en\/","name":"Kaposv\u00e1r Megyei Jog\u00fa v\u00e1ros hivatalos weboldala","description":"","publisher":{"@id":"https:\/\/otthon.kaposvar.hu\/en\/#organization"},"potentialAction":[{"@type":"SearchAction","target":{"@type":"EntryPoint","urlTemplate":"https:\/\/otthon.kaposvar.hu\/en\/?s={search_term_string}"},"query-input":"required name=search_term_string"}],"inLanguage":"en-US"},{"@type":"Organization","@id":"https:\/\/otthon.kaposvar.hu\/en\/#organization","name":"Kaposv\u00e1r Megyei Jog\u00fa V\u00e1ros","url":"https:\/\/otthon.kaposvar.hu\/en\/","sameAs":["https:\/\/www.instagram.com\/cityofkaposvar\/","https:\/\/www.facebook.com\/cityofkaposvar\/"],"logo":{"@type":"ImageObject","inLanguage":"en-US","@id":"https:\/\/otthon.kaposvar.hu\/en\/#\/schema\/logo\/image\/","url":"https:\/\/otthon.kaposvar.hu\/wp-content\/uploads\/2021\/10\/kaposvar_social.jpg","contentUrl":"https:\/\/otthon.kaposvar.hu\/wp-content\/uploads\/2021\/10\/kaposvar_social.jpg","width":1200,"height":900,"caption":"Kaposv\u00e1r Megyei Jog\u00fa V\u00e1ros"},"image":{"@id":"https:\/\/otthon.kaposvar.hu\/en\/#\/schema\/logo\/image\/"}}]}},"_links":{"self":[{"href":"https:\/\/otthon.kaposvar.hu\/en\/wp-json\/wp\/v2\/pages\/1875"}],"collection":[{"href":"https:\/\/otthon.kaposvar.hu\/en\/wp-json\/wp\/v2\/pages"}],"about":[{"href":"https:\/\/otthon.kaposvar.hu\/en\/wp-json\/wp\/v2\/types\/page"}],"author":[{"embeddable":true,"href":"https:\/\/otthon.kaposvar.hu\/en\/wp-json\/wp\/v2\/users\/1"}],"replies":[{"embeddable":true,"href":"https:\/\/otthon.kaposvar.hu\/en\/wp-json\/wp\/v2\/comments?post=1875"}],"version-history":[{"count":0,"href":"https:\/\/otthon.kaposvar.hu\/en\/wp-json\/wp\/v2\/pages\/1875\/revisions"}],"up":[{"embeddable":true,"href":"https:\/\/otthon.kaposvar.hu\/en\/wp-json\/wp\/v2\/pages\/1873"}],"wp:attachment":[{"href":"https:\/\/otthon.kaposvar.hu\/en\/wp-json\/wp\/v2\/media?parent=1875"}],"curies":[{"name":"wp","href":"https:\/\/api.w.org\/{rel}","templated":true}]}}